{"id":10943,"date":"2024-01-08T11:12:25","date_gmt":"2024-01-08T11:12:25","guid":{"rendered":"https:\/\/bmarkify.com\/informazioni-su-di-noi\/"},"modified":"2024-10-24T12:36:20","modified_gmt":"2024-10-24T11:36:20","slug":"about-us","status":"publish","type":"page","link":"https:\/\/bmarkify.com\/it\/about-us\/","title":{"rendered":"Informazioni su di noi"},"content":{"rendered":"\n<h1 class=\"wp-block-heading\">Informazioni su di noi<\/h1>\n<div class=\"wp-block-image\">\n<figure class=\"aligncenter size-full\"><img fetchpriority=\"high\" decoding=\"async\" width=\"490\" height=\"281\" src=\"https:\/\/bmarkify.com\/wp-content\/uploads\/2024\/02\/image-46.png\" alt=\"\" class=\"wp-image-6215\" srcset=\"https:\/\/bmarkify.com\/wp-content\/uploads\/2024\/02\/image-46.png 490w, https:\/\/bmarkify.com\/wp-content\/uploads\/2024\/02\/image-46-300x172.png 300w, https:\/\/bmarkify.com\/wp-content\/uploads\/2024\/02\/image-46-200x115.png 200w, https:\/\/bmarkify.com\/wp-content\/uploads\/2024\/02\/image-46-480x275.png 480w\" sizes=\"(max-width: 490px) 100vw, 490px\" \/><\/figure><\/div>\n<hr class=\"wp-block-separator has-alpha-channel-opacity\"\/>\n\n<p>Benvenuto su B-Markify, la tua destinazione definitiva per tutto ci\u00f2 che riguarda la tecnologia! Siamo entusiasti di averti qui. Io sono Happy e io sono Rajat e insieme abbiamo fondato B-Markify con un unico obiettivo: fornire ai nostri lettori contenuti interessanti e coinvolgenti sulle ultime novit\u00e0 tecnologiche. In qualit\u00e0 di forze trainanti di B-Markify, mettiamo a disposizione una grande quantit\u00e0 di conoscenze e competenze. Con anni di esperienza nella stesura di articoli tecnologici, condividiamo con passione le nostre intuizioni e ti teniamo informato sul panorama tecnologico in continua evoluzione. Noi di B-Markify ci impegniamo a fornire contenuti non solo informativi ma anche coinvolgenti. Che tu sia un appassionato di tecnologia o semplicemente curioso di conoscere le ultime tendenze, abbiamo pensato a te. Dall&#8217;analisi approfondita delle tendenze del settore ai consigli pratici e ai tutorial, il nostro obiettivo \u00e8 quello di fornirti una comprensione completa di tutto ci\u00f2 che riguarda la tecnologia. Quindi, che tu sia qui per rimanere aggiornato sugli ultimi gadget o per imparare qualcosa di nuovo, ti invitiamo a esplorare B-Markify e a unirti a noi in questo emozionante viaggio nel mondo della tecnologia. Benvenuto a bordo!         <\/p>\n\n<p>Quindi, cosa puoi aspettarti di trovare su B-Markify? Beh, ti diamo un&#8217;anticipazione: <\/p>\n\n<ul class=\"wp-block-list\">\n<li><strong>Marketing Digitale Demistificato:<\/strong> Che tu sia un marketer esperto o alle prime armi, i nostri articoli su SEO, SMO e PPC ti aiuteranno a navigare nel panorama in continua evoluzione del marketing digitale. Dall&#8217;ottimizzazione del tuo sito web per i motori di ricerca alla padronanza dell&#8217;arte della pubblicit\u00e0 sui social media, abbiamo tutto ci\u00f2 che ti serve. <\/li>\n\n\n\n<li><strong>Social Media Savvy:<\/strong> Facebook, Twitter, Instagram, LinkedIn&#8230; non c&#8217;\u00e8 che dire, abbiamo i consigli e i trucchi pi\u00f9 recenti per aiutarti a sfruttare al meglio la tua presenza sui social media. Che tu voglia far crescere il tuo seguito, coinvolgere il tuo pubblico o portare traffico al tuo sito web, ti mostreremo come sfruttare la potenza dei social media per raggiungere i tuoi obiettivi. <\/li>\n\n\n\n<li><strong>Storie di startup:<\/strong> Dai momenti pi\u00f9 alti del lancio del primo prodotto a quelli pi\u00f9 bassi del pivot, costruire una startup non \u00e8 un&#8217;impresa facile. Ma non temere: siamo qui per condividere le nostre esperienze, le nostre intuizioni e le lezioni apprese lungo il percorso. Che tu sia un fondatore alle prime armi o un imprenditore esperto, i nostri contenuti incentrati sulle startup ti ispireranno e ti daranno forza nel tuo viaggio verso il successo.  <br\/><br\/>Noi di B-Markify ci impegniamo a promuovere una comunit\u00e0 di appassionati di tecnologia, studenti ed esperti. Incoraggiamo i nostri lettori a partecipare attivamente ai nostri contenuti, a condividere i loro pensieri e le loro esperienze e a unirsi a noi nel nostro viaggio per esplorare le possibilit\u00e0 illimitate della tecnologia.<br\/>Grazie per aver scelto B-Markify come fonte affidabile per tutto ci\u00f2 che riguarda la tecnologia. Intraprendiamo insieme questa entusiasmante avventura!  <\/li>\n<\/ul>\n","protected":false},"excerpt":{"rendered":"<p>Informazioni su di noi Benvenuto su B-Markify, la tua destinazione definitiva per tutto ci\u00f2 che riguarda la tecnologia! Siamo entusiasti di averti qui. Io sono Happy e io sono Rajat e insieme abbiamo fondato B-Markify con un unico obiettivo: fornire ai nostri lettori contenuti interessanti e coinvolgenti sulle ultime novit\u00e0 tecnologiche. In qualit\u00e0 di forze trainanti di B-Markify, mettiamo a disposizione una grande quantit\u00e0 di conoscenze e competenze. Con anni di esperienza nella stesura di articoli tecnologici, condividiamo con passione le nostre intuizioni e ti teniamo informato sul panorama tecnologico in continua evoluzione. Noi di B-Markify ci impegniamo a fornire contenuti non solo informativi ma anche coinvolgenti. Che tu sia un appassionato di tecnologia o semplicemente curioso di conoscere le ultime tendenze, abbiamo pensato a te. Dall&#8217;analisi approfondita delle tendenze del settore ai consigli pratici e ai tutorial, il nostro obiettivo \u00e8 quello di fornirti una comprensione completa di tutto ci\u00f2 che riguarda la tecnologia. Quindi, che tu sia qui per rimanere aggiornato sugli ultimi gadget o per imparare qualcosa di nuovo, ti invitiamo a esplorare B-Markify e a unirti a noi in questo emozionante viaggio nel mondo della tecnologia. Benvenuto a bordo! Quindi, cosa puoi aspettarti di trovare su &hellip;<\/p>\n","protected":false},"author":1,"featured_media":0,"parent":0,"menu_order":0,"comment_status":"closed","ping_status":"closed","template":"","meta":{"footnotes":""},"coauthors":[26],"class_list":["post-10943","page","type-page","status-publish","hentry"],"acf":[],"yoast_head":"<!-- This site is optimized with the Yoast SEO plugin v26.8 - https:\/\/yoast.com\/product\/yoast-seo-wordpress\/ -->\n<title>Informazioni su di noi - B-Markify<\/title>\n<meta name=\"robots\" content=\"index, follow, max-snippet:-1, max-image-preview:large, max-video-preview:-1\" \/>\n<link rel=\"canonical\" href=\"https:\/\/bmarkify.com\/it\/about-us\/\" \/>\n<meta property=\"og:locale\" content=\"it_IT\" \/>\n<meta property=\"og:type\" content=\"article\" \/>\n<meta property=\"og:title\" content=\"Informazioni su di noi - B-Markify\" \/>\n<meta property=\"og:description\" content=\"Informazioni su di noi Benvenuto su B-Markify, la tua destinazione definitiva per tutto ci\u00f2 che riguarda la tecnologia! Siamo entusiasti di averti qui. Io sono Happy e io sono Rajat e insieme abbiamo fondato B-Markify con un unico obiettivo: fornire ai nostri lettori contenuti interessanti e coinvolgenti sulle ultime novit\u00e0 tecnologiche. In qualit\u00e0 di forze trainanti di B-Markify, mettiamo a disposizione una grande quantit\u00e0 di conoscenze e competenze. Con anni di esperienza nella stesura di articoli tecnologici, condividiamo con passione le nostre intuizioni e ti teniamo informato sul panorama tecnologico in continua evoluzione. Noi di B-Markify ci impegniamo a fornire contenuti non solo informativi ma anche coinvolgenti. Che tu sia un appassionato di tecnologia o semplicemente curioso di conoscere le ultime tendenze, abbiamo pensato a te. Dall&#8217;analisi approfondita delle tendenze del settore ai consigli pratici e ai tutorial, il nostro obiettivo \u00e8 quello di fornirti una comprensione completa di tutto ci\u00f2 che riguarda la tecnologia. Quindi, che tu sia qui per rimanere aggiornato sugli ultimi gadget o per imparare qualcosa di nuovo, ti invitiamo a esplorare B-Markify e a unirti a noi in questo emozionante viaggio nel mondo della tecnologia. Benvenuto a bordo! Quindi, cosa puoi aspettarti di trovare su &hellip;\" \/>\n<meta property=\"og:url\" content=\"https:\/\/bmarkify.com\/it\/about-us\/\" \/>\n<meta property=\"og:site_name\" content=\"B-Markify\" \/>\n<meta property=\"article:modified_time\" content=\"2024-10-24T11:36:20+00:00\" \/>\n<meta property=\"og:image\" content=\"https:\/\/bmarkify.com\/wp-content\/uploads\/2024\/02\/image-46.png\" \/>\n<meta name=\"twitter:card\" content=\"summary_large_image\" \/>\n<meta name=\"twitter:label1\" content=\"Tempo di lettura stimato\" \/>\n\t<meta name=\"twitter:data1\" content=\"2 minuti\" \/>\n\t<meta name=\"twitter:label2\" content=\"Scritto da\" \/>\n\t<meta name=\"twitter:data2\" content=\"USPL\" \/>\n<script type=\"application\/ld+json\" class=\"yoast-schema-graph\">{\"@context\":\"https:\/\/schema.org\",\"@graph\":[{\"@type\":\"WebPage\",\"@id\":\"https:\/\/bmarkify.com\/it\/about-us\/\",\"url\":\"https:\/\/bmarkify.com\/it\/about-us\/\",\"name\":\"Informazioni su di noi - B-Markify\",\"isPartOf\":{\"@id\":\"https:\/\/bmarkify.com\/it\/#website\"},\"primaryImageOfPage\":{\"@id\":\"https:\/\/bmarkify.com\/it\/about-us\/#primaryimage\"},\"image\":{\"@id\":\"https:\/\/bmarkify.com\/it\/about-us\/#primaryimage\"},\"thumbnailUrl\":\"https:\/\/bmarkify.com\/wp-content\/uploads\/2024\/02\/image-46.png\",\"datePublished\":\"2024-01-08T11:12:25+00:00\",\"dateModified\":\"2024-10-24T11:36:20+00:00\",\"breadcrumb\":{\"@id\":\"https:\/\/bmarkify.com\/it\/about-us\/#breadcrumb\"},\"inLanguage\":\"it-IT\",\"potentialAction\":[{\"@type\":\"ReadAction\",\"target\":[\"https:\/\/bmarkify.com\/it\/about-us\/\"]}]},{\"@type\":\"ImageObject\",\"inLanguage\":\"it-IT\",\"@id\":\"https:\/\/bmarkify.com\/it\/about-us\/#primaryimage\",\"url\":\"https:\/\/bmarkify.com\/wp-content\/uploads\/2024\/02\/image-46.png\",\"contentUrl\":\"https:\/\/bmarkify.com\/wp-content\/uploads\/2024\/02\/image-46.png\"},{\"@type\":\"BreadcrumbList\",\"@id\":\"https:\/\/bmarkify.com\/it\/about-us\/#breadcrumb\",\"itemListElement\":[{\"@type\":\"ListItem\",\"position\":1,\"name\":\"Home\",\"item\":\"https:\/\/bmarkify.com\/it\/\"},{\"@type\":\"ListItem\",\"position\":2,\"name\":\"Informazioni su di noi\"}]},{\"@type\":\"WebSite\",\"@id\":\"https:\/\/bmarkify.com\/it\/#website\",\"url\":\"https:\/\/bmarkify.com\/it\/\",\"name\":\"B-Markify\",\"description\":\"\",\"publisher\":{\"@id\":\"https:\/\/bmarkify.com\/it\/#organization\"},\"potentialAction\":[{\"@type\":\"SearchAction\",\"target\":{\"@type\":\"EntryPoint\",\"urlTemplate\":\"https:\/\/bmarkify.com\/it\/?s={search_term_string}\"},\"query-input\":{\"@type\":\"PropertyValueSpecification\",\"valueRequired\":true,\"valueName\":\"search_term_string\"}}],\"inLanguage\":\"it-IT\"},{\"@type\":\"Organization\",\"@id\":\"https:\/\/bmarkify.com\/it\/#organization\",\"name\":\"Upbrighter IT Services Pvt. Ltd.\",\"url\":\"https:\/\/bmarkify.com\/it\/\",\"logo\":{\"@type\":\"ImageObject\",\"inLanguage\":\"it-IT\",\"@id\":\"https:\/\/bmarkify.com\/it\/#\/schema\/logo\/image\/\",\"url\":\"https:\/\/bmarkify.com\/wp-content\/uploads\/2024\/01\/Full-Logo-1.png\",\"contentUrl\":\"https:\/\/bmarkify.com\/wp-content\/uploads\/2024\/01\/Full-Logo-1.png\",\"width\":2000,\"height\":1333,\"caption\":\"Upbrighter IT Services Pvt. Ltd.\"},\"image\":{\"@id\":\"https:\/\/bmarkify.com\/it\/#\/schema\/logo\/image\/\"}}]}<\/script>\n<!-- \/ Yoast SEO plugin. -->","yoast_head_json":{"title":"Informazioni su di noi - B-Markify","robots":{"index":"index","follow":"follow","max-snippet":"max-snippet:-1","max-image-preview":"max-image-preview:large","max-video-preview":"max-video-preview:-1"},"canonical":"https:\/\/bmarkify.com\/it\/about-us\/","og_locale":"it_IT","og_type":"article","og_title":"Informazioni su di noi - B-Markify","og_description":"Informazioni su di noi Benvenuto su B-Markify, la tua destinazione definitiva per tutto ci\u00f2 che riguarda la tecnologia! Siamo entusiasti di averti qui. Io sono Happy e io sono Rajat e insieme abbiamo fondato B-Markify con un unico obiettivo: fornire ai nostri lettori contenuti interessanti e coinvolgenti sulle ultime novit\u00e0 tecnologiche. In qualit\u00e0 di forze trainanti di B-Markify, mettiamo a disposizione una grande quantit\u00e0 di conoscenze e competenze. Con anni di esperienza nella stesura di articoli tecnologici, condividiamo con passione le nostre intuizioni e ti teniamo informato sul panorama tecnologico in continua evoluzione. Noi di B-Markify ci impegniamo a fornire contenuti non solo informativi ma anche coinvolgenti. Che tu sia un appassionato di tecnologia o semplicemente curioso di conoscere le ultime tendenze, abbiamo pensato a te. Dall&#8217;analisi approfondita delle tendenze del settore ai consigli pratici e ai tutorial, il nostro obiettivo \u00e8 quello di fornirti una comprensione completa di tutto ci\u00f2 che riguarda la tecnologia. Quindi, che tu sia qui per rimanere aggiornato sugli ultimi gadget o per imparare qualcosa di nuovo, ti invitiamo a esplorare B-Markify e a unirti a noi in questo emozionante viaggio nel mondo della tecnologia. Benvenuto a bordo! Quindi, cosa puoi aspettarti di trovare su &hellip;","og_url":"https:\/\/bmarkify.com\/it\/about-us\/","og_site_name":"B-Markify","article_modified_time":"2024-10-24T11:36:20+00:00","og_image":[{"url":"https:\/\/bmarkify.com\/wp-content\/uploads\/2024\/02\/image-46.png","type":"","width":"","height":""}],"twitter_card":"summary_large_image","twitter_misc":{"Tempo di lettura stimato":"2 minuti","Scritto da":"USPL"},"schema":{"@context":"https:\/\/schema.org","@graph":[{"@type":"WebPage","@id":"https:\/\/bmarkify.com\/it\/about-us\/","url":"https:\/\/bmarkify.com\/it\/about-us\/","name":"Informazioni su di noi - B-Markify","isPartOf":{"@id":"https:\/\/bmarkify.com\/it\/#website"},"primaryImageOfPage":{"@id":"https:\/\/bmarkify.com\/it\/about-us\/#primaryimage"},"image":{"@id":"https:\/\/bmarkify.com\/it\/about-us\/#primaryimage"},"thumbnailUrl":"https:\/\/bmarkify.com\/wp-content\/uploads\/2024\/02\/image-46.png","datePublished":"2024-01-08T11:12:25+00:00","dateModified":"2024-10-24T11:36:20+00:00","breadcrumb":{"@id":"https:\/\/bmarkify.com\/it\/about-us\/#breadcrumb"},"inLanguage":"it-IT","potentialAction":[{"@type":"ReadAction","target":["https:\/\/bmarkify.com\/it\/about-us\/"]}]},{"@type":"ImageObject","inLanguage":"it-IT","@id":"https:\/\/bmarkify.com\/it\/about-us\/#primaryimage","url":"https:\/\/bmarkify.com\/wp-content\/uploads\/2024\/02\/image-46.png","contentUrl":"https:\/\/bmarkify.com\/wp-content\/uploads\/2024\/02\/image-46.png"},{"@type":"BreadcrumbList","@id":"https:\/\/bmarkify.com\/it\/about-us\/#breadcrumb","itemListElement":[{"@type":"ListItem","position":1,"name":"Home","item":"https:\/\/bmarkify.com\/it\/"},{"@type":"ListItem","position":2,"name":"Informazioni su di noi"}]},{"@type":"WebSite","@id":"https:\/\/bmarkify.com\/it\/#website","url":"https:\/\/bmarkify.com\/it\/","name":"B-Markify","description":"","publisher":{"@id":"https:\/\/bmarkify.com\/it\/#organization"},"potentialAction":[{"@type":"SearchAction","target":{"@type":"EntryPoint","urlTemplate":"https:\/\/bmarkify.com\/it\/?s={search_term_string}"},"query-input":{"@type":"PropertyValueSpecification","valueRequired":true,"valueName":"search_term_string"}}],"inLanguage":"it-IT"},{"@type":"Organization","@id":"https:\/\/bmarkify.com\/it\/#organization","name":"Upbrighter IT Services Pvt. Ltd.","url":"https:\/\/bmarkify.com\/it\/","logo":{"@type":"ImageObject","inLanguage":"it-IT","@id":"https:\/\/bmarkify.com\/it\/#\/schema\/logo\/image\/","url":"https:\/\/bmarkify.com\/wp-content\/uploads\/2024\/01\/Full-Logo-1.png","contentUrl":"https:\/\/bmarkify.com\/wp-content\/uploads\/2024\/01\/Full-Logo-1.png","width":2000,"height":1333,"caption":"Upbrighter IT Services Pvt. Ltd."},"image":{"@id":"https:\/\/bmarkify.com\/it\/#\/schema\/logo\/image\/"}}]}},"_links":{"self":[{"href":"https:\/\/bmarkify.com\/it\/wp-json\/wp\/v2\/pages\/10943","targetHints":{"allow":["GET"]}}],"collection":[{"href":"https:\/\/bmarkify.com\/it\/wp-json\/wp\/v2\/pages"}],"about":[{"href":"https:\/\/bmarkify.com\/it\/wp-json\/wp\/v2\/types\/page"}],"author":[{"embeddable":true,"href":"https:\/\/bmarkify.com\/it\/wp-json\/wp\/v2\/users\/1"}],"replies":[{"embeddable":true,"href":"https:\/\/bmarkify.com\/it\/wp-json\/wp\/v2\/comments?post=10943"}],"version-history":[{"count":1,"href":"https:\/\/bmarkify.com\/it\/wp-json\/wp\/v2\/pages\/10943\/revisions"}],"predecessor-version":[{"id":10945,"href":"https:\/\/bmarkify.com\/it\/wp-json\/wp\/v2\/pages\/10943\/revisions\/10945"}],"wp:attachment":[{"href":"https:\/\/bmarkify.com\/it\/wp-json\/wp\/v2\/media?parent=10943"}],"wp:term":[{"taxonomy":"author","embeddable":true,"href":"https:\/\/bmarkify.com\/it\/wp-json\/wp\/v2\/coauthors?post=10943"}],"curies":[{"name":"wp","href":"https:\/\/api.w.org\/{rel}","templated":true}]}}