{"id":10914,"date":"2024-02-26T13:14:12","date_gmt":"2024-02-26T13:14:12","guid":{"rendered":"https:\/\/bmarkify.com\/termini-e-condizioni\/"},"modified":"2025-02-08T08:53:40","modified_gmt":"2025-02-08T08:53:40","slug":"terms-and-conditions","status":"publish","type":"page","link":"https:\/\/bmarkify.com\/it\/terms-and-conditions\/","title":{"rendered":"Termini e condizioni"},"content":{"rendered":"\r\n<h1 class=\"wp-block-heading\">Termini e condizioni<\/h1>\r\n\r\n\r\n\r\n<p>Ultimo aggiornamento: 16 &#8211; Febbraio &#8211; 2024<\/p>\r\n\r\n\r\n\r\n<p>Ti invitiamo a leggere attentamente le presenti Condizioni d&#8217;uso prima di utilizzare il sito web bmarkify.com.<\/p>\r\n\r\n\r\n\r\n<p>L&#8217;accesso e l&#8217;utilizzo del Servizio da parte dell&#8217;utente sono subordinati all&#8217;accettazione e al rispetto dei presenti Termini. I presenti Termini si applicano a tutti i visitatori, utenti e altri soggetti che accedono o utilizzano il Servizio.<\/p>\r\n\r\n\r\n\r\n<p>Accedendo o utilizzando il Servizio accetti di essere vincolato dai presenti Termini. Se non sei d&#8217;accordo con qualsiasi parte dei termini, non puoi accedere al Servizio.<\/p>\r\n\r\n\r\n\r\n<h2 class=\"wp-block-heading\">Propriet\u00e0 intellettuale<\/h2>\r\n\r\n\r\n\r\n<p>Il Servizio e i suoi contenuti, caratteristiche e funzionalit\u00e0 originali sono e rimarranno di propriet\u00e0 esclusiva di bmarkify.com e dei suoi licenziatari.<\/p>\r\n\r\n\r\n\r\n<h2 class=\"wp-block-heading\">Link ad altri siti web<\/h2>\r\n\r\n\r\n\r\n<p>Il nostro Servizio pu\u00f2 contenere link a siti web o servizi di terzi che non sono di propriet\u00e0 o controllati da bmarkify.com.<\/p>\r\n\r\n\r\n\r\n<p>bmarkify.com non ha alcun controllo e non si assume alcuna responsabilit\u00e0 per i contenuti, le politiche sulla privacy o le pratiche di qualsiasi sito web o servizio di terzi. L&#8217;utente riconosce e accetta inoltre che bmarkify.com non sar\u00e0 responsabile, direttamente o indirettamente, per qualsiasi danno o perdita causata o che si presume possa essere causata da o in connessione con l&#8217;uso o l&#8217;affidamento su tali contenuti, beni o servizi disponibili su o attraverso tali siti web o servizi.<\/p>\r\n\r\n\r\n\r\n<p>Ti consigliamo vivamente di leggere i termini e le condizioni e le politiche sulla privacy di qualsiasi sito web o servizio di terzi che visiti.<\/p>\r\n\r\n\r\n\r\n<h2 class=\"wp-block-heading\">Terminazione<\/h2>\r\n\r\n\r\n\r\n<p>Possiamo interrompere o sospendere l&#8217;accesso al nostro Servizio immediatamente, senza preavviso o responsabilit\u00e0, per qualsiasi motivo, incluso, senza limitazione, se l&#8217;utente viola i Termini.<\/p>\r\n\r\n\r\n\r\n<p>Tutte le disposizioni dei Termini che per loro natura dovrebbero sopravvivere alla risoluzione sopravvivranno alla risoluzione, incluse, a titolo esemplificativo, le disposizioni sulla propriet\u00e0, le esclusioni di garanzia, le indennit\u00e0 e le limitazioni di responsabilit\u00e0.<\/p>\r\n\r\n\r\n\r\n<h2 class=\"wp-block-heading\">Esclusione di responsabilit\u00e0<\/h2>\r\n\r\n\r\n\r\n<p>L&#8217;utilizzo del Servizio da parte dell&#8217;utente \u00e8 a suo esclusivo rischio. Il Servizio \u00e8 fornito &#8220;COS\u00cc COM&#8217;\u00c8&#8221; e &#8220;COME DISPONIBILE&#8221;. Il Servizio \u00e8 fornito senza garanzie di alcun tipo, espresse o implicite, incluse, a titolo esemplificativo, le garanzie implicite di commerciabilit\u00e0, idoneit\u00e0 per uno scopo particolare, non violazione o corso delle prestazioni.<\/p>\r\n\r\n\r\n\r\n<h2 class=\"wp-block-heading\">Legge applicabile<\/h2>\r\n\r\n\r\n\r\n<p>I presenti Termini saranno disciplinati e interpretati in conformit\u00e0 alle leggi dell&#8217;India, senza tener conto delle disposizioni in materia di conflitto di leggi.<\/p>\r\n\r\n\r\n\r\n<p>La mancata applicazione da parte nostra di qualsiasi diritto o disposizione dei presenti Termini non sar\u00e0 considerata una rinuncia a tali diritti. Qualora una disposizione dei presenti Termini sia ritenuta non valida o non applicabile da un tribunale, le restanti disposizioni dei Termini rimarranno in vigore. I presenti Termini costituiscono l&#8217;intero accordo tra noi in merito al nostro Servizio e sostituiscono qualsiasi accordo precedente tra noi in merito al Servizio.<\/p>\r\n\r\n\r\n\r\n<h2 class=\"wp-block-heading\">Cambiamenti<\/h2>\r\n\r\n\r\n\r\n<p>Ci riserviamo il diritto, a nostra esclusiva discrezione, di modificare o sostituire i presenti Termini in qualsiasi momento. In caso di modifiche sostanziali, cercheremo di fornire un preavviso di almeno 30 giorni prima dell&#8217;entrata in vigore dei nuovi termini. Ci\u00f2 che costituisce una modifica sostanziale sar\u00e0 determinato a nostra esclusiva discrezione.<\/p>\r\n\r\n\r\n\r\n<p>Continuando ad accedere o a utilizzare il nostro Servizio dopo l&#8217;entrata in vigore di tali revisioni, accetti di essere vincolato ai termini rivisti. Se non accetti i nuovi termini, smetti di utilizzare il Servizio.<\/p>\r\n\r\n\r\n\r\n<h2 class=\"wp-block-heading\">Contattaci<\/h2>\r\n\r\n\r\n\r\n<p>In caso di domande sui presenti Termini, contattaci.<\/p>\r\n","protected":false},"excerpt":{"rendered":"<p>Termini e condizioni Ultimo aggiornamento: 16 &#8211; Febbraio &#8211; 2024 Ti invitiamo a leggere attentamente le presenti Condizioni d&#8217;uso prima di utilizzare il sito web bmarkify.com. L&#8217;accesso e l&#8217;utilizzo del Servizio da parte dell&#8217;utente sono subordinati all&#8217;accettazione e al rispetto dei presenti Termini. I presenti Termini si applicano a tutti i visitatori, utenti e altri soggetti che accedono o utilizzano il Servizio. Accedendo o utilizzando il Servizio accetti di essere vincolato dai presenti Termini. Se non sei d&#8217;accordo con qualsiasi parte dei termini, non puoi accedere al Servizio. Propriet\u00e0 intellettuale Il Servizio e i suoi contenuti, caratteristiche e funzionalit\u00e0 originali sono e rimarranno di propriet\u00e0 esclusiva di bmarkify.com e dei suoi licenziatari. Link ad altri siti web Il nostro Servizio pu\u00f2 contenere link a siti web o servizi di terzi che non sono di propriet\u00e0 o controllati da bmarkify.com. bmarkify.com non ha alcun controllo e non si assume alcuna responsabilit\u00e0 per i contenuti, le politiche sulla privacy o le pratiche di qualsiasi sito web o servizio di terzi. L&#8217;utente riconosce e accetta inoltre che bmarkify.com non sar\u00e0 responsabile, direttamente o indirettamente, per qualsiasi danno o perdita causata o che si presume possa essere causata da o in connessione con l&#8217;uso &hellip;<\/p>\n","protected":false},"author":1,"featured_media":0,"parent":0,"menu_order":0,"comment_status":"closed","ping_status":"closed","template":"","meta":{"footnotes":""},"coauthors":[26],"class_list":["post-10914","page","type-page","status-publish","hentry"],"acf":[],"yoast_head":"<!-- This site is optimized with the Yoast SEO plugin v26.8 - https:\/\/yoast.com\/product\/yoast-seo-wordpress\/ -->\n<title>Termini e condizioni - B-Markify<\/title>\n<meta name=\"robots\" content=\"index, follow, max-snippet:-1, max-image-preview:large, max-video-preview:-1\" \/>\n<link rel=\"canonical\" href=\"https:\/\/bmarkify.com\/it\/terms-and-conditions\/\" \/>\n<meta property=\"og:locale\" content=\"it_IT\" \/>\n<meta property=\"og:type\" content=\"article\" \/>\n<meta property=\"og:title\" content=\"Termini e condizioni - B-Markify\" \/>\n<meta property=\"og:description\" content=\"Termini e condizioni Ultimo aggiornamento: 16 &#8211; Febbraio &#8211; 2024 Ti invitiamo a leggere attentamente le presenti Condizioni d&#8217;uso prima di utilizzare il sito web bmarkify.com. L&#8217;accesso e l&#8217;utilizzo del Servizio da parte dell&#8217;utente sono subordinati all&#8217;accettazione e al rispetto dei presenti Termini. I presenti Termini si applicano a tutti i visitatori, utenti e altri soggetti che accedono o utilizzano il Servizio. Accedendo o utilizzando il Servizio accetti di essere vincolato dai presenti Termini. Se non sei d&#8217;accordo con qualsiasi parte dei termini, non puoi accedere al Servizio. Propriet\u00e0 intellettuale Il Servizio e i suoi contenuti, caratteristiche e funzionalit\u00e0 originali sono e rimarranno di propriet\u00e0 esclusiva di bmarkify.com e dei suoi licenziatari. Link ad altri siti web Il nostro Servizio pu\u00f2 contenere link a siti web o servizi di terzi che non sono di propriet\u00e0 o controllati da bmarkify.com. bmarkify.com non ha alcun controllo e non si assume alcuna responsabilit\u00e0 per i contenuti, le politiche sulla privacy o le pratiche di qualsiasi sito web o servizio di terzi. L&#8217;utente riconosce e accetta inoltre che bmarkify.com non sar\u00e0 responsabile, direttamente o indirettamente, per qualsiasi danno o perdita causata o che si presume possa essere causata da o in connessione con l&#8217;uso &hellip;\" \/>\n<meta property=\"og:url\" content=\"https:\/\/bmarkify.com\/it\/terms-and-conditions\/\" \/>\n<meta property=\"og:site_name\" content=\"B-Markify\" \/>\n<meta property=\"article:modified_time\" content=\"2025-02-08T08:53:40+00:00\" \/>\n<meta name=\"twitter:card\" content=\"summary_large_image\" \/>\n<meta name=\"twitter:label1\" content=\"Tempo di lettura stimato\" \/>\n\t<meta name=\"twitter:data1\" content=\"3 minuti\" \/>\n\t<meta name=\"twitter:label2\" content=\"Scritto da\" \/>\n\t<meta name=\"twitter:data2\" content=\"USPL\" \/>\n<script type=\"application\/ld+json\" class=\"yoast-schema-graph\">{\"@context\":\"https:\/\/schema.org\",\"@graph\":[{\"@type\":\"WebPage\",\"@id\":\"https:\/\/bmarkify.com\/it\/terms-and-conditions\/\",\"url\":\"https:\/\/bmarkify.com\/it\/terms-and-conditions\/\",\"name\":\"Termini e condizioni - B-Markify\",\"isPartOf\":{\"@id\":\"https:\/\/bmarkify.com\/it\/#website\"},\"datePublished\":\"2024-02-26T13:14:12+00:00\",\"dateModified\":\"2025-02-08T08:53:40+00:00\",\"breadcrumb\":{\"@id\":\"https:\/\/bmarkify.com\/it\/terms-and-conditions\/#breadcrumb\"},\"inLanguage\":\"it-IT\",\"potentialAction\":[{\"@type\":\"ReadAction\",\"target\":[\"https:\/\/bmarkify.com\/it\/terms-and-conditions\/\"]}]},{\"@type\":\"BreadcrumbList\",\"@id\":\"https:\/\/bmarkify.com\/it\/terms-and-conditions\/#breadcrumb\",\"itemListElement\":[{\"@type\":\"ListItem\",\"position\":1,\"name\":\"Home\",\"item\":\"https:\/\/bmarkify.com\/it\/\"},{\"@type\":\"ListItem\",\"position\":2,\"name\":\"Termini e condizioni\"}]},{\"@type\":\"WebSite\",\"@id\":\"https:\/\/bmarkify.com\/it\/#website\",\"url\":\"https:\/\/bmarkify.com\/it\/\",\"name\":\"B-Markify\",\"description\":\"\",\"publisher\":{\"@id\":\"https:\/\/bmarkify.com\/it\/#organization\"},\"potentialAction\":[{\"@type\":\"SearchAction\",\"target\":{\"@type\":\"EntryPoint\",\"urlTemplate\":\"https:\/\/bmarkify.com\/it\/?s={search_term_string}\"},\"query-input\":{\"@type\":\"PropertyValueSpecification\",\"valueRequired\":true,\"valueName\":\"search_term_string\"}}],\"inLanguage\":\"it-IT\"},{\"@type\":\"Organization\",\"@id\":\"https:\/\/bmarkify.com\/it\/#organization\",\"name\":\"Upbrighter IT Services Pvt. Ltd.\",\"url\":\"https:\/\/bmarkify.com\/it\/\",\"logo\":{\"@type\":\"ImageObject\",\"inLanguage\":\"it-IT\",\"@id\":\"https:\/\/bmarkify.com\/it\/#\/schema\/logo\/image\/\",\"url\":\"https:\/\/bmarkify.com\/wp-content\/uploads\/2024\/01\/Full-Logo-1.png\",\"contentUrl\":\"https:\/\/bmarkify.com\/wp-content\/uploads\/2024\/01\/Full-Logo-1.png\",\"width\":2000,\"height\":1333,\"caption\":\"Upbrighter IT Services Pvt. Ltd.\"},\"image\":{\"@id\":\"https:\/\/bmarkify.com\/it\/#\/schema\/logo\/image\/\"}}]}<\/script>\n<!-- \/ Yoast SEO plugin. -->","yoast_head_json":{"title":"Termini e condizioni - B-Markify","robots":{"index":"index","follow":"follow","max-snippet":"max-snippet:-1","max-image-preview":"max-image-preview:large","max-video-preview":"max-video-preview:-1"},"canonical":"https:\/\/bmarkify.com\/it\/terms-and-conditions\/","og_locale":"it_IT","og_type":"article","og_title":"Termini e condizioni - B-Markify","og_description":"Termini e condizioni Ultimo aggiornamento: 16 &#8211; Febbraio &#8211; 2024 Ti invitiamo a leggere attentamente le presenti Condizioni d&#8217;uso prima di utilizzare il sito web bmarkify.com. L&#8217;accesso e l&#8217;utilizzo del Servizio da parte dell&#8217;utente sono subordinati all&#8217;accettazione e al rispetto dei presenti Termini. I presenti Termini si applicano a tutti i visitatori, utenti e altri soggetti che accedono o utilizzano il Servizio. Accedendo o utilizzando il Servizio accetti di essere vincolato dai presenti Termini. Se non sei d&#8217;accordo con qualsiasi parte dei termini, non puoi accedere al Servizio. Propriet\u00e0 intellettuale Il Servizio e i suoi contenuti, caratteristiche e funzionalit\u00e0 originali sono e rimarranno di propriet\u00e0 esclusiva di bmarkify.com e dei suoi licenziatari. Link ad altri siti web Il nostro Servizio pu\u00f2 contenere link a siti web o servizi di terzi che non sono di propriet\u00e0 o controllati da bmarkify.com. bmarkify.com non ha alcun controllo e non si assume alcuna responsabilit\u00e0 per i contenuti, le politiche sulla privacy o le pratiche di qualsiasi sito web o servizio di terzi. L&#8217;utente riconosce e accetta inoltre che bmarkify.com non sar\u00e0 responsabile, direttamente o indirettamente, per qualsiasi danno o perdita causata o che si presume possa essere causata da o in connessione con l&#8217;uso &hellip;","og_url":"https:\/\/bmarkify.com\/it\/terms-and-conditions\/","og_site_name":"B-Markify","article_modified_time":"2025-02-08T08:53:40+00:00","twitter_card":"summary_large_image","twitter_misc":{"Tempo di lettura stimato":"3 minuti","Scritto da":"USPL"},"schema":{"@context":"https:\/\/schema.org","@graph":[{"@type":"WebPage","@id":"https:\/\/bmarkify.com\/it\/terms-and-conditions\/","url":"https:\/\/bmarkify.com\/it\/terms-and-conditions\/","name":"Termini e condizioni - B-Markify","isPartOf":{"@id":"https:\/\/bmarkify.com\/it\/#website"},"datePublished":"2024-02-26T13:14:12+00:00","dateModified":"2025-02-08T08:53:40+00:00","breadcrumb":{"@id":"https:\/\/bmarkify.com\/it\/terms-and-conditions\/#breadcrumb"},"inLanguage":"it-IT","potentialAction":[{"@type":"ReadAction","target":["https:\/\/bmarkify.com\/it\/terms-and-conditions\/"]}]},{"@type":"BreadcrumbList","@id":"https:\/\/bmarkify.com\/it\/terms-and-conditions\/#breadcrumb","itemListElement":[{"@type":"ListItem","position":1,"name":"Home","item":"https:\/\/bmarkify.com\/it\/"},{"@type":"ListItem","position":2,"name":"Termini e condizioni"}]},{"@type":"WebSite","@id":"https:\/\/bmarkify.com\/it\/#website","url":"https:\/\/bmarkify.com\/it\/","name":"B-Markify","description":"","publisher":{"@id":"https:\/\/bmarkify.com\/it\/#organization"},"potentialAction":[{"@type":"SearchAction","target":{"@type":"EntryPoint","urlTemplate":"https:\/\/bmarkify.com\/it\/?s={search_term_string}"},"query-input":{"@type":"PropertyValueSpecification","valueRequired":true,"valueName":"search_term_string"}}],"inLanguage":"it-IT"},{"@type":"Organization","@id":"https:\/\/bmarkify.com\/it\/#organization","name":"Upbrighter IT Services Pvt. Ltd.","url":"https:\/\/bmarkify.com\/it\/","logo":{"@type":"ImageObject","inLanguage":"it-IT","@id":"https:\/\/bmarkify.com\/it\/#\/schema\/logo\/image\/","url":"https:\/\/bmarkify.com\/wp-content\/uploads\/2024\/01\/Full-Logo-1.png","contentUrl":"https:\/\/bmarkify.com\/wp-content\/uploads\/2024\/01\/Full-Logo-1.png","width":2000,"height":1333,"caption":"Upbrighter IT Services Pvt. Ltd."},"image":{"@id":"https:\/\/bmarkify.com\/it\/#\/schema\/logo\/image\/"}}]}},"_links":{"self":[{"href":"https:\/\/bmarkify.com\/it\/wp-json\/wp\/v2\/pages\/10914","targetHints":{"allow":["GET"]}}],"collection":[{"href":"https:\/\/bmarkify.com\/it\/wp-json\/wp\/v2\/pages"}],"about":[{"href":"https:\/\/bmarkify.com\/it\/wp-json\/wp\/v2\/types\/page"}],"author":[{"embeddable":true,"href":"https:\/\/bmarkify.com\/it\/wp-json\/wp\/v2\/users\/1"}],"replies":[{"embeddable":true,"href":"https:\/\/bmarkify.com\/it\/wp-json\/wp\/v2\/comments?post=10914"}],"version-history":[{"count":2,"href":"https:\/\/bmarkify.com\/it\/wp-json\/wp\/v2\/pages\/10914\/revisions"}],"predecessor-version":[{"id":13116,"href":"https:\/\/bmarkify.com\/it\/wp-json\/wp\/v2\/pages\/10914\/revisions\/13116"}],"wp:attachment":[{"href":"https:\/\/bmarkify.com\/it\/wp-json\/wp\/v2\/media?parent=10914"}],"wp:term":[{"taxonomy":"author","embeddable":true,"href":"https:\/\/bmarkify.com\/it\/wp-json\/wp\/v2\/coauthors?post=10914"}],"curies":[{"name":"wp","href":"https:\/\/api.w.org\/{rel}","templated":true}]}}