{"id":10963,"date":"2024-01-08T11:09:01","date_gmt":"2024-01-08T11:09:01","guid":{"rendered":"https:\/\/bmarkify.com\/contactez-nous\/"},"modified":"2024-10-24T12:45:29","modified_gmt":"2024-10-24T11:45:29","slug":"contact-us","status":"publish","type":"page","link":"https:\/\/bmarkify.com\/fr\/contact-us\/","title":{"rendered":"Contactez nous"},"content":{"rendered":"<div class=\"wp-block-image\">\n<figure class=\"alignleft size-thumbnail\"><img decoding=\"async\" width=\"200\" height=\"133\" src=\"https:\/\/bmarkify.com\/wp-content\/uploads\/2024\/02\/melinda-gimpel-5Ne6mMQtIdo-unsplash-200x133.jpg\" alt=\"\" class=\"wp-image-5677\" srcset=\"https:\/\/bmarkify.com\/wp-content\/uploads\/2024\/02\/melinda-gimpel-5Ne6mMQtIdo-unsplash-200x133.jpg 200w, https:\/\/bmarkify.com\/wp-content\/uploads\/2024\/02\/melinda-gimpel-5Ne6mMQtIdo-unsplash-300x200.jpg 300w, https:\/\/bmarkify.com\/wp-content\/uploads\/2024\/02\/melinda-gimpel-5Ne6mMQtIdo-unsplash-1024x683.jpg 1024w, https:\/\/bmarkify.com\/wp-content\/uploads\/2024\/02\/melinda-gimpel-5Ne6mMQtIdo-unsplash-768x512.jpg 768w, https:\/\/bmarkify.com\/wp-content\/uploads\/2024\/02\/melinda-gimpel-5Ne6mMQtIdo-unsplash-1536x1024.jpg 1536w, https:\/\/bmarkify.com\/wp-content\/uploads\/2024\/02\/melinda-gimpel-5Ne6mMQtIdo-unsplash-480x320.jpg 480w\" sizes=\"(max-width: 200px) 100vw, 200px\" \/><\/figure><\/div>\n<p>Bienvenue sur bmarkify.com ! Nous vous remercions de l&rsquo;int\u00e9r\u00eat que vous portez \u00e0 nos services. Que vous ayez des commentaires, des questions ou des suggestions, nous sommes \u00e0 votre \u00e9coute. Pour nous contacter, rien de plus simple : il vous suffit d&rsquo;utiliser les coordonn\u00e9es ci-dessous. Pour des questions d&rsquo;ordre g\u00e9n\u00e9ral, des contributions \u00e0 des articles d&rsquo;invit\u00e9s ou des pr\u00e9occupations concernant notre contenu, veuillez nous envoyer un courriel \u00e0 l&rsquo;adresse <a>info@upbrighterservices.com<\/a> ou remplir le formulaire ci-dessous. Si vous \u00eates int\u00e9ress\u00e9 par des possibilit\u00e9s de publicit\u00e9, de parrainage ou de partenariat, vous \u00eates au bon endroit.     <\/p>\n\n<p>Votre avis nous est pr\u00e9cieux et nous nous effor\u00e7ons d&rsquo;y r\u00e9pondre rapidement. Merci de faire partie de bmarkify.com ! <\/p>\n<style id=\"wpforms-css-vars-5224-block-af0a9650-e393-49d2-a0f8-a9da6760d12d\">\n\t\t\t\t#wpforms-5224.wpforms-block-af0a9650-e393-49d2-a0f8-a9da6760d12d {\n\t\t\t\t--wpforms-field-border-radius: 5px;\n--wpforms-field-size-input-height: 31px;\n--wpforms-field-size-input-spacing: 10px;\n--wpforms-field-size-font-size: 14px;\n--wpforms-field-size-line-height: 17px;\n--wpforms-field-size-padding-h: 9px;\n--wpforms-field-size-checkbox-size: 14px;\n--wpforms-field-size-sublabel-spacing: 5px;\n--wpforms-field-size-icon-size: 0.75;\n--wpforms-button-size-font-size: 14px;\n--wpforms-button-size-height: 37px;\n--wpforms-button-size-padding-h: 15px;\n--wpforms-button-size-margin-top: 5px;\n\n\t\t\t}\n\t\t\t<\/style><div class=\"wpforms-container wpforms-container-full wpforms-block wpforms-block-af0a9650-e393-49d2-a0f8-a9da6760d12d wpforms-render-modern\" id=\"wpforms-5224\"><form id=\"wpforms-form-5224\" class=\"wpforms-validate wpforms-form wpforms-ajax-form\" data-formid=\"5224\" method=\"post\" enctype=\"multipart\/form-data\" action=\"\/fr\/wp-json\/wp\/v2\/pages\/10963\" data-token=\"c348d9216c844c5c611be55a1d821cd9\" data-token-time=\"1776446906\"><div class=\"wpforms-head-container\"><div class=\"wpforms-title\">Contact Us<\/div><\/div><noscript class=\"wpforms-error-noscript\">Veuillez activer JavaScript dans votre navigateur pour remplir ce formulaire.<\/noscript><div class=\"wpforms-hidden\" id=\"wpforms-error-noscript\">Veuillez activer JavaScript dans votre navigateur pour remplir ce formulaire.<\/div><div class=\"wpforms-field-container\"><div id=\"wpforms-5224-field_0-container\" class=\"wpforms-field wpforms-field-name\" data-field-id=\"0\"><fieldset><legend class=\"wpforms-field-label\">Name <span class=\"wpforms-required-label\" aria-hidden=\"true\">*<\/span><\/legend><div class=\"wpforms-field-row wpforms-field-large\"><div class=\"wpforms-field-row-block wpforms-first wpforms-one-half\"><input type=\"text\" id=\"wpforms-5224-field_0\" class=\"wpforms-field-name-first wpforms-field-required\" name=\"wpforms[fields][0][first]\" aria-errormessage=\"wpforms-5224-field_0-error\" required><label for=\"wpforms-5224-field_0\" class=\"wpforms-field-sublabel after\">Pr\u00e9nom<\/label><\/div><div class=\"wpforms-field-row-block wpforms-one-half\"><input type=\"text\" id=\"wpforms-5224-field_0-last\" class=\"wpforms-field-name-last wpforms-field-required\" name=\"wpforms[fields][0][last]\" aria-errormessage=\"wpforms-5224-field_0-last-error\" required><label for=\"wpforms-5224-field_0-last\" class=\"wpforms-field-sublabel after\">Nom<\/label><\/div><\/div><\/fieldset><\/div><div id=\"wpforms-5224-field_1-container\" class=\"wpforms-field wpforms-field-email\" data-field-id=\"1\"><label class=\"wpforms-field-label\" for=\"wpforms-5224-field_1\">Email <span class=\"wpforms-required-label\" aria-hidden=\"true\">*<\/span><\/label><input type=\"email\" id=\"wpforms-5224-field_1\" class=\"wpforms-field-large wpforms-field-required\" name=\"wpforms[fields][1]\" spellcheck=\"false\" aria-errormessage=\"wpforms-5224-field_1-error\" required><\/div><div id=\"wpforms-5224-field_2-container\" class=\"wpforms-field wpforms-field-textarea width 500px height 121px\" data-field-id=\"2\"><label class=\"wpforms-field-label\" for=\"wpforms-5224-field_2\">Message <span class=\"wpforms-required-label\" aria-hidden=\"true\">*<\/span><\/label><textarea id=\"wpforms-5224-field_2\" class=\"wpforms-field-medium wpforms-field-required\" name=\"wpforms[fields][2]\" aria-errormessage=\"wpforms-5224-field_2-error\" required><\/textarea><\/div><\/div><!-- .wpforms-field-container --><div class=\"wpforms-submit-container\" ><input type=\"hidden\" name=\"wpforms[id]\" value=\"5224\"><input type=\"hidden\" name=\"page_title\" value=\"\"><input type=\"hidden\" name=\"page_url\" value=\"https:\/\/bmarkify.com\/fr\/wp-json\/wp\/v2\/pages\/10963\"><button type=\"submit\" name=\"wpforms[submit]\" id=\"wpforms-submit-5224\" class=\"wpforms-submit\" data-alt-text=\"Sending\u2026\" data-submit-text=\"Submit\" aria-live=\"assertive\" value=\"wpforms-submit\">Submit<\/button><img decoding=\"async\" src=\"https:\/\/bmarkify.com\/wp-content\/plugins\/wpforms-lite\/assets\/images\/submit-spin.svg\" class=\"wpforms-submit-spinner\" style=\"display: none;\" width=\"26\" height=\"26\" alt=\"Chargement en cours\"><\/div><\/form><\/div>  <!-- .wpforms-container -->\n<p><\/p>\n","protected":false},"excerpt":{"rendered":"<p>Bienvenue sur bmarkify.com ! Nous vous remercions de l&rsquo;int\u00e9r\u00eat que vous portez \u00e0 nos services. Que vous ayez des commentaires, des questions ou des suggestions, nous sommes \u00e0 votre \u00e9coute. Pour nous contacter, rien de plus simple : il vous suffit d&rsquo;utiliser les coordonn\u00e9es ci-dessous. Pour des questions d&rsquo;ordre g\u00e9n\u00e9ral, des contributions \u00e0 des articles d&rsquo;invit\u00e9s ou des pr\u00e9occupations concernant notre contenu, veuillez nous envoyer un courriel \u00e0 l&rsquo;adresse info@upbrighterservices.com ou remplir le formulaire ci-dessous. Si vous \u00eates int\u00e9ress\u00e9 par des possibilit\u00e9s de publicit\u00e9, de parrainage ou de partenariat, vous \u00eates au bon endroit. Votre avis nous est pr\u00e9cieux et nous nous effor\u00e7ons d&rsquo;y r\u00e9pondre rapidement. Merci de faire partie de bmarkify.com !<\/p>\n","protected":false},"author":1,"featured_media":0,"parent":0,"menu_order":0,"comment_status":"closed","ping_status":"closed","template":"","meta":{"footnotes":""},"coauthors":[26],"class_list":["post-10963","page","type-page","status-publish","hentry"],"acf":[],"yoast_head":"<!-- This site is optimized with the Yoast SEO plugin v26.8 - https:\/\/yoast.com\/product\/yoast-seo-wordpress\/ -->\n<title>Contactez nous - B-Markify<\/title>\n<meta name=\"robots\" content=\"index, follow, max-snippet:-1, max-image-preview:large, max-video-preview:-1\" \/>\n<link rel=\"canonical\" href=\"https:\/\/bmarkify.com\/fr\/contact-us\/\" \/>\n<meta property=\"og:locale\" content=\"fr_FR\" \/>\n<meta property=\"og:type\" content=\"article\" \/>\n<meta property=\"og:title\" content=\"Contactez nous - B-Markify\" \/>\n<meta property=\"og:description\" content=\"Bienvenue sur bmarkify.com ! Nous vous remercions de l&rsquo;int\u00e9r\u00eat que vous portez \u00e0 nos services. Que vous ayez des commentaires, des questions ou des suggestions, nous sommes \u00e0 votre \u00e9coute. Pour nous contacter, rien de plus simple : il vous suffit d&rsquo;utiliser les coordonn\u00e9es ci-dessous. Pour des questions d&rsquo;ordre g\u00e9n\u00e9ral, des contributions \u00e0 des articles d&rsquo;invit\u00e9s ou des pr\u00e9occupations concernant notre contenu, veuillez nous envoyer un courriel \u00e0 l&rsquo;adresse info@upbrighterservices.com ou remplir le formulaire ci-dessous. Si vous \u00eates int\u00e9ress\u00e9 par des possibilit\u00e9s de publicit\u00e9, de parrainage ou de partenariat, vous \u00eates au bon endroit. Votre avis nous est pr\u00e9cieux et nous nous effor\u00e7ons d&rsquo;y r\u00e9pondre rapidement. Merci de faire partie de bmarkify.com !\" \/>\n<meta property=\"og:url\" content=\"https:\/\/bmarkify.com\/fr\/contact-us\/\" \/>\n<meta property=\"og:site_name\" content=\"B-Markify\" \/>\n<meta property=\"article:modified_time\" content=\"2024-10-24T11:45:29+00:00\" \/>\n<meta property=\"og:image\" content=\"https:\/\/bmarkify.com\/wp-content\/uploads\/2024\/02\/melinda-gimpel-5Ne6mMQtIdo-unsplash-200x133.jpg\" \/>\n<meta name=\"twitter:card\" content=\"summary_large_image\" \/>\n<meta name=\"twitter:label1\" content=\"Dur\u00e9e de lecture estim\u00e9e\" \/>\n\t<meta name=\"twitter:data1\" content=\"1 minute\" \/>\n\t<meta name=\"twitter:label2\" content=\"Written by\" \/>\n\t<meta name=\"twitter:data2\" content=\"USPL\" \/>\n<script type=\"application\/ld+json\" class=\"yoast-schema-graph\">{\"@context\":\"https:\/\/schema.org\",\"@graph\":[{\"@type\":\"WebPage\",\"@id\":\"https:\/\/bmarkify.com\/fr\/contact-us\/\",\"url\":\"https:\/\/bmarkify.com\/fr\/contact-us\/\",\"name\":\"Contactez nous - B-Markify\",\"isPartOf\":{\"@id\":\"https:\/\/bmarkify.com\/fr\/#website\"},\"primaryImageOfPage\":{\"@id\":\"https:\/\/bmarkify.com\/fr\/contact-us\/#primaryimage\"},\"image\":{\"@id\":\"https:\/\/bmarkify.com\/fr\/contact-us\/#primaryimage\"},\"thumbnailUrl\":\"https:\/\/bmarkify.com\/wp-content\/uploads\/2024\/02\/melinda-gimpel-5Ne6mMQtIdo-unsplash-200x133.jpg\",\"datePublished\":\"2024-01-08T11:09:01+00:00\",\"dateModified\":\"2024-10-24T11:45:29+00:00\",\"breadcrumb\":{\"@id\":\"https:\/\/bmarkify.com\/fr\/contact-us\/#breadcrumb\"},\"inLanguage\":\"fr-FR\",\"potentialAction\":[{\"@type\":\"ReadAction\",\"target\":[\"https:\/\/bmarkify.com\/fr\/contact-us\/\"]}]},{\"@type\":\"ImageObject\",\"inLanguage\":\"fr-FR\",\"@id\":\"https:\/\/bmarkify.com\/fr\/contact-us\/#primaryimage\",\"url\":\"https:\/\/bmarkify.com\/wp-content\/uploads\/2024\/02\/melinda-gimpel-5Ne6mMQtIdo-unsplash-200x133.jpg\",\"contentUrl\":\"https:\/\/bmarkify.com\/wp-content\/uploads\/2024\/02\/melinda-gimpel-5Ne6mMQtIdo-unsplash-200x133.jpg\"},{\"@type\":\"BreadcrumbList\",\"@id\":\"https:\/\/bmarkify.com\/fr\/contact-us\/#breadcrumb\",\"itemListElement\":[{\"@type\":\"ListItem\",\"position\":1,\"name\":\"Home\",\"item\":\"https:\/\/bmarkify.com\/fr\/\"},{\"@type\":\"ListItem\",\"position\":2,\"name\":\"Contactez nous\"}]},{\"@type\":\"WebSite\",\"@id\":\"https:\/\/bmarkify.com\/fr\/#website\",\"url\":\"https:\/\/bmarkify.com\/fr\/\",\"name\":\"B-Markify\",\"description\":\"\",\"publisher\":{\"@id\":\"https:\/\/bmarkify.com\/fr\/#organization\"},\"potentialAction\":[{\"@type\":\"SearchAction\",\"target\":{\"@type\":\"EntryPoint\",\"urlTemplate\":\"https:\/\/bmarkify.com\/fr\/?s={search_term_string}\"},\"query-input\":{\"@type\":\"PropertyValueSpecification\",\"valueRequired\":true,\"valueName\":\"search_term_string\"}}],\"inLanguage\":\"fr-FR\"},{\"@type\":\"Organization\",\"@id\":\"https:\/\/bmarkify.com\/fr\/#organization\",\"name\":\"Upbrighter IT Services Pvt. Ltd.\",\"url\":\"https:\/\/bmarkify.com\/fr\/\",\"logo\":{\"@type\":\"ImageObject\",\"inLanguage\":\"fr-FR\",\"@id\":\"https:\/\/bmarkify.com\/fr\/#\/schema\/logo\/image\/\",\"url\":\"https:\/\/bmarkify.com\/wp-content\/uploads\/2024\/01\/Full-Logo-1.png\",\"contentUrl\":\"https:\/\/bmarkify.com\/wp-content\/uploads\/2024\/01\/Full-Logo-1.png\",\"width\":2000,\"height\":1333,\"caption\":\"Upbrighter IT Services Pvt. Ltd.\"},\"image\":{\"@id\":\"https:\/\/bmarkify.com\/fr\/#\/schema\/logo\/image\/\"}}]}<\/script>\n<!-- \/ Yoast SEO plugin. -->","yoast_head_json":{"title":"Contactez nous - B-Markify","robots":{"index":"index","follow":"follow","max-snippet":"max-snippet:-1","max-image-preview":"max-image-preview:large","max-video-preview":"max-video-preview:-1"},"canonical":"https:\/\/bmarkify.com\/fr\/contact-us\/","og_locale":"fr_FR","og_type":"article","og_title":"Contactez nous - B-Markify","og_description":"Bienvenue sur bmarkify.com ! Nous vous remercions de l&rsquo;int\u00e9r\u00eat que vous portez \u00e0 nos services. Que vous ayez des commentaires, des questions ou des suggestions, nous sommes \u00e0 votre \u00e9coute. Pour nous contacter, rien de plus simple : il vous suffit d&rsquo;utiliser les coordonn\u00e9es ci-dessous. Pour des questions d&rsquo;ordre g\u00e9n\u00e9ral, des contributions \u00e0 des articles d&rsquo;invit\u00e9s ou des pr\u00e9occupations concernant notre contenu, veuillez nous envoyer un courriel \u00e0 l&rsquo;adresse info@upbrighterservices.com ou remplir le formulaire ci-dessous. Si vous \u00eates int\u00e9ress\u00e9 par des possibilit\u00e9s de publicit\u00e9, de parrainage ou de partenariat, vous \u00eates au bon endroit. Votre avis nous est pr\u00e9cieux et nous nous effor\u00e7ons d&rsquo;y r\u00e9pondre rapidement. Merci de faire partie de bmarkify.com !","og_url":"https:\/\/bmarkify.com\/fr\/contact-us\/","og_site_name":"B-Markify","article_modified_time":"2024-10-24T11:45:29+00:00","og_image":[{"url":"https:\/\/bmarkify.com\/wp-content\/uploads\/2024\/02\/melinda-gimpel-5Ne6mMQtIdo-unsplash-200x133.jpg","type":"","width":"","height":""}],"twitter_card":"summary_large_image","twitter_misc":{"Dur\u00e9e de lecture estim\u00e9e":"1 minute","Written by":"USPL"},"schema":{"@context":"https:\/\/schema.org","@graph":[{"@type":"WebPage","@id":"https:\/\/bmarkify.com\/fr\/contact-us\/","url":"https:\/\/bmarkify.com\/fr\/contact-us\/","name":"Contactez nous - B-Markify","isPartOf":{"@id":"https:\/\/bmarkify.com\/fr\/#website"},"primaryImageOfPage":{"@id":"https:\/\/bmarkify.com\/fr\/contact-us\/#primaryimage"},"image":{"@id":"https:\/\/bmarkify.com\/fr\/contact-us\/#primaryimage"},"thumbnailUrl":"https:\/\/bmarkify.com\/wp-content\/uploads\/2024\/02\/melinda-gimpel-5Ne6mMQtIdo-unsplash-200x133.jpg","datePublished":"2024-01-08T11:09:01+00:00","dateModified":"2024-10-24T11:45:29+00:00","breadcrumb":{"@id":"https:\/\/bmarkify.com\/fr\/contact-us\/#breadcrumb"},"inLanguage":"fr-FR","potentialAction":[{"@type":"ReadAction","target":["https:\/\/bmarkify.com\/fr\/contact-us\/"]}]},{"@type":"ImageObject","inLanguage":"fr-FR","@id":"https:\/\/bmarkify.com\/fr\/contact-us\/#primaryimage","url":"https:\/\/bmarkify.com\/wp-content\/uploads\/2024\/02\/melinda-gimpel-5Ne6mMQtIdo-unsplash-200x133.jpg","contentUrl":"https:\/\/bmarkify.com\/wp-content\/uploads\/2024\/02\/melinda-gimpel-5Ne6mMQtIdo-unsplash-200x133.jpg"},{"@type":"BreadcrumbList","@id":"https:\/\/bmarkify.com\/fr\/contact-us\/#breadcrumb","itemListElement":[{"@type":"ListItem","position":1,"name":"Home","item":"https:\/\/bmarkify.com\/fr\/"},{"@type":"ListItem","position":2,"name":"Contactez nous"}]},{"@type":"WebSite","@id":"https:\/\/bmarkify.com\/fr\/#website","url":"https:\/\/bmarkify.com\/fr\/","name":"B-Markify","description":"","publisher":{"@id":"https:\/\/bmarkify.com\/fr\/#organization"},"potentialAction":[{"@type":"SearchAction","target":{"@type":"EntryPoint","urlTemplate":"https:\/\/bmarkify.com\/fr\/?s={search_term_string}"},"query-input":{"@type":"PropertyValueSpecification","valueRequired":true,"valueName":"search_term_string"}}],"inLanguage":"fr-FR"},{"@type":"Organization","@id":"https:\/\/bmarkify.com\/fr\/#organization","name":"Upbrighter IT Services Pvt. Ltd.","url":"https:\/\/bmarkify.com\/fr\/","logo":{"@type":"ImageObject","inLanguage":"fr-FR","@id":"https:\/\/bmarkify.com\/fr\/#\/schema\/logo\/image\/","url":"https:\/\/bmarkify.com\/wp-content\/uploads\/2024\/01\/Full-Logo-1.png","contentUrl":"https:\/\/bmarkify.com\/wp-content\/uploads\/2024\/01\/Full-Logo-1.png","width":2000,"height":1333,"caption":"Upbrighter IT Services Pvt. Ltd."},"image":{"@id":"https:\/\/bmarkify.com\/fr\/#\/schema\/logo\/image\/"}}]}},"_links":{"self":[{"href":"https:\/\/bmarkify.com\/fr\/wp-json\/wp\/v2\/pages\/10963","targetHints":{"allow":["GET"]}}],"collection":[{"href":"https:\/\/bmarkify.com\/fr\/wp-json\/wp\/v2\/pages"}],"about":[{"href":"https:\/\/bmarkify.com\/fr\/wp-json\/wp\/v2\/types\/page"}],"author":[{"embeddable":true,"href":"https:\/\/bmarkify.com\/fr\/wp-json\/wp\/v2\/users\/1"}],"replies":[{"embeddable":true,"href":"https:\/\/bmarkify.com\/fr\/wp-json\/wp\/v2\/comments?post=10963"}],"version-history":[{"count":1,"href":"https:\/\/bmarkify.com\/fr\/wp-json\/wp\/v2\/pages\/10963\/revisions"}],"predecessor-version":[{"id":10965,"href":"https:\/\/bmarkify.com\/fr\/wp-json\/wp\/v2\/pages\/10963\/revisions\/10965"}],"wp:attachment":[{"href":"https:\/\/bmarkify.com\/fr\/wp-json\/wp\/v2\/media?parent=10963"}],"wp:term":[{"taxonomy":"author","embeddable":true,"href":"https:\/\/bmarkify.com\/fr\/wp-json\/wp\/v2\/coauthors?post=10963"}],"curies":[{"name":"wp","href":"https:\/\/api.w.org\/{rel}","templated":true}]}}