{"id":10947,"date":"2024-01-08T11:12:25","date_gmt":"2024-01-08T11:12:25","guid":{"rendered":"https:\/\/bmarkify.com\/a-propos-des-etats-unis\/"},"modified":"2024-11-05T07:45:33","modified_gmt":"2024-11-05T07:45:33","slug":"about-us","status":"publish","type":"page","link":"https:\/\/bmarkify.com\/fr\/about-us\/","title":{"rendered":"\u00c0 propos des \u00c9tats-Unis"},"content":{"rendered":"&#13;\n<h1 class=\"wp-block-heading\">\u00c0 propos des \u00c9tats-Unis<\/h1>&#13;\n&#13;\n<figure class=\"wp-block-image aligncenter size-full\"><img fetchpriority=\"high\" decoding=\"async\" width=\"490\" height=\"281\" class=\"wp-image-6215\" src=\"https:\/\/bmarkify.com\/wp-content\/uploads\/2024\/02\/image-46.png\" alt=\"\" srcset=\"https:\/\/bmarkify.com\/wp-content\/uploads\/2024\/02\/image-46.png 490w, https:\/\/bmarkify.com\/wp-content\/uploads\/2024\/02\/image-46-300x172.png 300w, https:\/\/bmarkify.com\/wp-content\/uploads\/2024\/02\/image-46-200x115.png 200w, https:\/\/bmarkify.com\/wp-content\/uploads\/2024\/02\/image-46-480x275.png 480w\" sizes=\"(max-width: 490px) 100vw, 490px\" \/><\/figure>&#13;\n<hr class=\"wp-block-separator has-alpha-channel-opacity\" \/>&#13;\n<p>Bienvenue sur B-Markify, votre destination ultime pour tout ce qui touche \u00e0 la technologie ! Nous sommes ravis de vous accueillir. Je m&rsquo;appelle Happy et je m&rsquo;appelle Rajat. Ensemble, nous avons fond\u00e9 B-Markify avec un seul objectif en t\u00eate : fournir \u00e0 nos lecteurs un contenu perspicace et attrayant sur les derni\u00e8res nouveaut\u00e9s technologiques. En tant que forces motrices de B-Markify, nous apportons une richesse de connaissances et d&rsquo;expertise. Avec des ann\u00e9es d&rsquo;exp\u00e9rience dans la r\u00e9daction d&rsquo;articles sur la technologie, nous sommes passionn\u00e9s par le partage de nos id\u00e9es et par la volont\u00e9 de vous tenir inform\u00e9s de l&rsquo;\u00e9volution constante du paysage technologique. Chez B-Markify, nous nous engageons \u00e0 fournir un contenu non seulement informatif, mais aussi attrayant. Que vous soyez un passionn\u00e9 de technologie ou simplement curieux des derni\u00e8res tendances, nous avons tout ce qu&rsquo;il vous faut. Qu&rsquo;il s&rsquo;agisse d&rsquo;analyses approfondies des tendances du secteur ou de conseils pratiques et de tutoriels, notre objectif est de vous apporter une compr\u00e9hension globale de tout ce qui touche \u00e0 la technologie. Que vous soyez ici pour vous tenir au courant des derniers gadgets ou pour apprendre quelque chose de nouveau, nous vous invitons \u00e0 explorer B-Markify et \u00e0 nous rejoindre dans ce voyage passionnant \u00e0 travers le monde de la technologie. Bienvenue \u00e0 bord !         <\/p>&#13;\n&#13;\n<p>Que pouvez-vous donc vous attendre \u00e0 trouver sur B-Markify ? Laissez-nous vous en donner un aper\u00e7u : <\/p>&#13;\n\r\n<ul class=\"wp-block-list\">&#13;\n<li><strong>Le marketing num\u00e9rique d\u00e9mystifi\u00e9 :<\/strong> Que vous soyez un sp\u00e9cialiste du marketing chevronn\u00e9 ou un d\u00e9butant, nos articles sur le SEO, le SMO et le PPC vous aideront \u00e0 naviguer dans le paysage en constante \u00e9volution du marketing num\u00e9rique. De l&rsquo;optimisation de votre site web pour les moteurs de recherche \u00e0 la ma\u00eetrise de l&rsquo;art de la publicit\u00e9 sur les m\u00e9dias sociaux, nous avons tout ce qu&rsquo;il vous faut. <\/li>&#13;\n\r\n\r\n&#13;\n<li><strong>Connaissance des m\u00e9dias sociaux :<\/strong> Facebook, Twitter, Instagram, LinkedIn &#8211; nous avons les derniers conseils et astuces pour vous aider \u00e0 tirer le meilleur parti de votre pr\u00e9sence sur les m\u00e9dias sociaux. Que vous cherchiez \u00e0 augmenter le nombre de vos abonn\u00e9s, \u00e0 dialoguer avec votre public ou \u00e0 g\u00e9n\u00e9rer du trafic vers votre site web, nous vous montrerons comment exploiter la puissance des m\u00e9dias sociaux pour atteindre vos objectifs. <\/li>&#13;\n\r\n\r\n&#13;\n<li><strong>Histoires de startups :<\/strong> Des hauts et des bas du lancement de votre premier produit \u00e0 la gestion d&rsquo;un pivot, la cr\u00e9ation d&rsquo;une startup n&rsquo;est pas une mince affaire. Mais n&rsquo;ayez crainte, nous sommes l\u00e0 pour partager nos exp\u00e9riences, nos points de vue et les le\u00e7ons que nous avons tir\u00e9es de notre parcours. Que vous soyez un fondateur d\u00e9butant ou un entrepreneur chevronn\u00e9, notre contenu ax\u00e9 sur les startups vous inspirera et vous donnera les moyens d&rsquo;avancer sur la voie du succ\u00e8s.  <br\/><br\/>Chez B-Markify, nous nous engageons \u00e0 favoriser une communaut\u00e9 de passionn\u00e9s de technologie, d&rsquo;apprenants et d&rsquo;experts. Nous encourageons nos lecteurs \u00e0 s&rsquo;engager activement dans notre contenu, \u00e0 partager leurs r\u00e9flexions et leurs exp\u00e9riences, et \u00e0 nous rejoindre dans notre voyage pour explorer les possibilit\u00e9s illimit\u00e9es de la technologie.<br\/>Nous vous remercions d&rsquo;avoir choisi B-Markify comme source de confiance pour tout ce qui concerne la technologie. Embarquons ensemble dans cette aventure passionnante !  <\/li>&#13;\n<\/ul>\r\n","protected":false},"excerpt":{"rendered":"<p>&#13; \u00c0 propos des \u00c9tats-Unis &#13; &#13; Bienvenue sur B-Markify, votre destination ultime pour tout ce qui touche \u00e0 la technologie ! Nous sommes ravis de vous accueillir. Je m&rsquo;appelle Happy et je m&rsquo;appelle Rajat. Ensemble, nous avons fond\u00e9 B-Markify avec un seul objectif en t\u00eate : fournir \u00e0 nos lecteurs un contenu perspicace et attrayant sur les derni\u00e8res nouveaut\u00e9s technologiques. En tant que forces motrices de B-Markify, nous apportons une richesse de connaissances et d&rsquo;expertise. Avec des ann\u00e9es d&rsquo;exp\u00e9rience dans la r\u00e9daction d&rsquo;articles sur la technologie, nous sommes passionn\u00e9s par le partage de nos id\u00e9es et par la volont\u00e9 de vous tenir inform\u00e9s de l&rsquo;\u00e9volution constante du paysage technologique. Chez B-Markify, nous nous engageons \u00e0 fournir un contenu non seulement informatif, mais aussi attrayant. Que vous soyez un passionn\u00e9 de technologie ou simplement curieux des derni\u00e8res tendances, nous avons tout ce qu&rsquo;il vous faut. Qu&rsquo;il s&rsquo;agisse d&rsquo;analyses approfondies des tendances du secteur ou de conseils pratiques et de tutoriels, notre objectif est de vous apporter une compr\u00e9hension globale de tout ce qui touche \u00e0 la technologie. Que vous soyez ici pour vous tenir au courant des derniers gadgets ou pour apprendre quelque chose de nouveau, nous vous invitons \u00e0 &hellip;<\/p>\n","protected":false},"author":1,"featured_media":0,"parent":0,"menu_order":0,"comment_status":"closed","ping_status":"closed","template":"","meta":{"footnotes":""},"coauthors":[26],"class_list":["post-10947","page","type-page","status-publish","hentry"],"acf":[],"yoast_head":"<!-- This site is optimized with the Yoast SEO plugin v26.8 - https:\/\/yoast.com\/product\/yoast-seo-wordpress\/ -->\n<title>\u00c0 propos des \u00c9tats-Unis - B-Markify<\/title>\n<meta name=\"robots\" content=\"index, follow, max-snippet:-1, max-image-preview:large, max-video-preview:-1\" \/>\n<link rel=\"canonical\" href=\"https:\/\/bmarkify.com\/fr\/about-us\/\" \/>\n<meta property=\"og:locale\" content=\"fr_FR\" \/>\n<meta property=\"og:type\" content=\"article\" \/>\n<meta property=\"og:title\" content=\"\u00c0 propos des \u00c9tats-Unis - B-Markify\" \/>\n<meta property=\"og:description\" content=\"&#013; \u00c0 propos des \u00c9tats-Unis &#013; &#013; Bienvenue sur B-Markify, votre destination ultime pour tout ce qui touche \u00e0 la technologie ! Nous sommes ravis de vous accueillir. Je m&rsquo;appelle Happy et je m&rsquo;appelle Rajat. Ensemble, nous avons fond\u00e9 B-Markify avec un seul objectif en t\u00eate : fournir \u00e0 nos lecteurs un contenu perspicace et attrayant sur les derni\u00e8res nouveaut\u00e9s technologiques. En tant que forces motrices de B-Markify, nous apportons une richesse de connaissances et d&rsquo;expertise. Avec des ann\u00e9es d&rsquo;exp\u00e9rience dans la r\u00e9daction d&rsquo;articles sur la technologie, nous sommes passionn\u00e9s par le partage de nos id\u00e9es et par la volont\u00e9 de vous tenir inform\u00e9s de l&rsquo;\u00e9volution constante du paysage technologique. Chez B-Markify, nous nous engageons \u00e0 fournir un contenu non seulement informatif, mais aussi attrayant. Que vous soyez un passionn\u00e9 de technologie ou simplement curieux des derni\u00e8res tendances, nous avons tout ce qu&rsquo;il vous faut. Qu&rsquo;il s&rsquo;agisse d&rsquo;analyses approfondies des tendances du secteur ou de conseils pratiques et de tutoriels, notre objectif est de vous apporter une compr\u00e9hension globale de tout ce qui touche \u00e0 la technologie. Que vous soyez ici pour vous tenir au courant des derniers gadgets ou pour apprendre quelque chose de nouveau, nous vous invitons \u00e0 &hellip;\" \/>\n<meta property=\"og:url\" content=\"https:\/\/bmarkify.com\/fr\/about-us\/\" \/>\n<meta property=\"og:site_name\" content=\"B-Markify\" \/>\n<meta property=\"article:modified_time\" content=\"2024-11-05T07:45:33+00:00\" \/>\n<meta property=\"og:image\" content=\"https:\/\/bmarkify.com\/wp-content\/uploads\/2024\/02\/image-46.png\" \/>\n<meta name=\"twitter:card\" content=\"summary_large_image\" \/>\n<meta name=\"twitter:label1\" content=\"Dur\u00e9e de lecture estim\u00e9e\" \/>\n\t<meta name=\"twitter:data1\" content=\"3 minutes\" \/>\n\t<meta name=\"twitter:label2\" content=\"Written by\" \/>\n\t<meta name=\"twitter:data2\" content=\"USPL\" \/>\n<script type=\"application\/ld+json\" class=\"yoast-schema-graph\">{\"@context\":\"https:\/\/schema.org\",\"@graph\":[{\"@type\":\"WebPage\",\"@id\":\"https:\/\/bmarkify.com\/fr\/about-us\/\",\"url\":\"https:\/\/bmarkify.com\/fr\/about-us\/\",\"name\":\"\u00c0 propos des \u00c9tats-Unis - B-Markify\",\"isPartOf\":{\"@id\":\"https:\/\/bmarkify.com\/fr\/#website\"},\"primaryImageOfPage\":{\"@id\":\"https:\/\/bmarkify.com\/fr\/about-us\/#primaryimage\"},\"image\":{\"@id\":\"https:\/\/bmarkify.com\/fr\/about-us\/#primaryimage\"},\"thumbnailUrl\":\"https:\/\/bmarkify.com\/wp-content\/uploads\/2024\/02\/image-46.png\",\"datePublished\":\"2024-01-08T11:12:25+00:00\",\"dateModified\":\"2024-11-05T07:45:33+00:00\",\"breadcrumb\":{\"@id\":\"https:\/\/bmarkify.com\/fr\/about-us\/#breadcrumb\"},\"inLanguage\":\"fr-FR\",\"potentialAction\":[{\"@type\":\"ReadAction\",\"target\":[\"https:\/\/bmarkify.com\/fr\/about-us\/\"]}]},{\"@type\":\"ImageObject\",\"inLanguage\":\"fr-FR\",\"@id\":\"https:\/\/bmarkify.com\/fr\/about-us\/#primaryimage\",\"url\":\"https:\/\/bmarkify.com\/wp-content\/uploads\/2024\/02\/image-46.png\",\"contentUrl\":\"https:\/\/bmarkify.com\/wp-content\/uploads\/2024\/02\/image-46.png\"},{\"@type\":\"BreadcrumbList\",\"@id\":\"https:\/\/bmarkify.com\/fr\/about-us\/#breadcrumb\",\"itemListElement\":[{\"@type\":\"ListItem\",\"position\":1,\"name\":\"Home\",\"item\":\"https:\/\/bmarkify.com\/fr\/\"},{\"@type\":\"ListItem\",\"position\":2,\"name\":\"\u00c0 propos des \u00c9tats-Unis\"}]},{\"@type\":\"WebSite\",\"@id\":\"https:\/\/bmarkify.com\/fr\/#website\",\"url\":\"https:\/\/bmarkify.com\/fr\/\",\"name\":\"B-Markify\",\"description\":\"\",\"publisher\":{\"@id\":\"https:\/\/bmarkify.com\/fr\/#organization\"},\"potentialAction\":[{\"@type\":\"SearchAction\",\"target\":{\"@type\":\"EntryPoint\",\"urlTemplate\":\"https:\/\/bmarkify.com\/fr\/?s={search_term_string}\"},\"query-input\":{\"@type\":\"PropertyValueSpecification\",\"valueRequired\":true,\"valueName\":\"search_term_string\"}}],\"inLanguage\":\"fr-FR\"},{\"@type\":\"Organization\",\"@id\":\"https:\/\/bmarkify.com\/fr\/#organization\",\"name\":\"Upbrighter IT Services Pvt. Ltd.\",\"url\":\"https:\/\/bmarkify.com\/fr\/\",\"logo\":{\"@type\":\"ImageObject\",\"inLanguage\":\"fr-FR\",\"@id\":\"https:\/\/bmarkify.com\/fr\/#\/schema\/logo\/image\/\",\"url\":\"https:\/\/bmarkify.com\/wp-content\/uploads\/2024\/01\/Full-Logo-1.png\",\"contentUrl\":\"https:\/\/bmarkify.com\/wp-content\/uploads\/2024\/01\/Full-Logo-1.png\",\"width\":2000,\"height\":1333,\"caption\":\"Upbrighter IT Services Pvt. Ltd.\"},\"image\":{\"@id\":\"https:\/\/bmarkify.com\/fr\/#\/schema\/logo\/image\/\"}}]}<\/script>\n<!-- \/ Yoast SEO plugin. -->","yoast_head_json":{"title":"\u00c0 propos des \u00c9tats-Unis - B-Markify","robots":{"index":"index","follow":"follow","max-snippet":"max-snippet:-1","max-image-preview":"max-image-preview:large","max-video-preview":"max-video-preview:-1"},"canonical":"https:\/\/bmarkify.com\/fr\/about-us\/","og_locale":"fr_FR","og_type":"article","og_title":"\u00c0 propos des \u00c9tats-Unis - B-Markify","og_description":"&#13; \u00c0 propos des \u00c9tats-Unis &#13; &#13; Bienvenue sur B-Markify, votre destination ultime pour tout ce qui touche \u00e0 la technologie ! Nous sommes ravis de vous accueillir. Je m&rsquo;appelle Happy et je m&rsquo;appelle Rajat. Ensemble, nous avons fond\u00e9 B-Markify avec un seul objectif en t\u00eate : fournir \u00e0 nos lecteurs un contenu perspicace et attrayant sur les derni\u00e8res nouveaut\u00e9s technologiques. En tant que forces motrices de B-Markify, nous apportons une richesse de connaissances et d&rsquo;expertise. Avec des ann\u00e9es d&rsquo;exp\u00e9rience dans la r\u00e9daction d&rsquo;articles sur la technologie, nous sommes passionn\u00e9s par le partage de nos id\u00e9es et par la volont\u00e9 de vous tenir inform\u00e9s de l&rsquo;\u00e9volution constante du paysage technologique. Chez B-Markify, nous nous engageons \u00e0 fournir un contenu non seulement informatif, mais aussi attrayant. Que vous soyez un passionn\u00e9 de technologie ou simplement curieux des derni\u00e8res tendances, nous avons tout ce qu&rsquo;il vous faut. Qu&rsquo;il s&rsquo;agisse d&rsquo;analyses approfondies des tendances du secteur ou de conseils pratiques et de tutoriels, notre objectif est de vous apporter une compr\u00e9hension globale de tout ce qui touche \u00e0 la technologie. Que vous soyez ici pour vous tenir au courant des derniers gadgets ou pour apprendre quelque chose de nouveau, nous vous invitons \u00e0 &hellip;","og_url":"https:\/\/bmarkify.com\/fr\/about-us\/","og_site_name":"B-Markify","article_modified_time":"2024-11-05T07:45:33+00:00","og_image":[{"url":"https:\/\/bmarkify.com\/wp-content\/uploads\/2024\/02\/image-46.png","type":"","width":"","height":""}],"twitter_card":"summary_large_image","twitter_misc":{"Dur\u00e9e de lecture estim\u00e9e":"3 minutes","Written by":"USPL"},"schema":{"@context":"https:\/\/schema.org","@graph":[{"@type":"WebPage","@id":"https:\/\/bmarkify.com\/fr\/about-us\/","url":"https:\/\/bmarkify.com\/fr\/about-us\/","name":"\u00c0 propos des \u00c9tats-Unis - B-Markify","isPartOf":{"@id":"https:\/\/bmarkify.com\/fr\/#website"},"primaryImageOfPage":{"@id":"https:\/\/bmarkify.com\/fr\/about-us\/#primaryimage"},"image":{"@id":"https:\/\/bmarkify.com\/fr\/about-us\/#primaryimage"},"thumbnailUrl":"https:\/\/bmarkify.com\/wp-content\/uploads\/2024\/02\/image-46.png","datePublished":"2024-01-08T11:12:25+00:00","dateModified":"2024-11-05T07:45:33+00:00","breadcrumb":{"@id":"https:\/\/bmarkify.com\/fr\/about-us\/#breadcrumb"},"inLanguage":"fr-FR","potentialAction":[{"@type":"ReadAction","target":["https:\/\/bmarkify.com\/fr\/about-us\/"]}]},{"@type":"ImageObject","inLanguage":"fr-FR","@id":"https:\/\/bmarkify.com\/fr\/about-us\/#primaryimage","url":"https:\/\/bmarkify.com\/wp-content\/uploads\/2024\/02\/image-46.png","contentUrl":"https:\/\/bmarkify.com\/wp-content\/uploads\/2024\/02\/image-46.png"},{"@type":"BreadcrumbList","@id":"https:\/\/bmarkify.com\/fr\/about-us\/#breadcrumb","itemListElement":[{"@type":"ListItem","position":1,"name":"Home","item":"https:\/\/bmarkify.com\/fr\/"},{"@type":"ListItem","position":2,"name":"\u00c0 propos des \u00c9tats-Unis"}]},{"@type":"WebSite","@id":"https:\/\/bmarkify.com\/fr\/#website","url":"https:\/\/bmarkify.com\/fr\/","name":"B-Markify","description":"","publisher":{"@id":"https:\/\/bmarkify.com\/fr\/#organization"},"potentialAction":[{"@type":"SearchAction","target":{"@type":"EntryPoint","urlTemplate":"https:\/\/bmarkify.com\/fr\/?s={search_term_string}"},"query-input":{"@type":"PropertyValueSpecification","valueRequired":true,"valueName":"search_term_string"}}],"inLanguage":"fr-FR"},{"@type":"Organization","@id":"https:\/\/bmarkify.com\/fr\/#organization","name":"Upbrighter IT Services Pvt. Ltd.","url":"https:\/\/bmarkify.com\/fr\/","logo":{"@type":"ImageObject","inLanguage":"fr-FR","@id":"https:\/\/bmarkify.com\/fr\/#\/schema\/logo\/image\/","url":"https:\/\/bmarkify.com\/wp-content\/uploads\/2024\/01\/Full-Logo-1.png","contentUrl":"https:\/\/bmarkify.com\/wp-content\/uploads\/2024\/01\/Full-Logo-1.png","width":2000,"height":1333,"caption":"Upbrighter IT Services Pvt. Ltd."},"image":{"@id":"https:\/\/bmarkify.com\/fr\/#\/schema\/logo\/image\/"}}]}},"_links":{"self":[{"href":"https:\/\/bmarkify.com\/fr\/wp-json\/wp\/v2\/pages\/10947","targetHints":{"allow":["GET"]}}],"collection":[{"href":"https:\/\/bmarkify.com\/fr\/wp-json\/wp\/v2\/pages"}],"about":[{"href":"https:\/\/bmarkify.com\/fr\/wp-json\/wp\/v2\/types\/page"}],"author":[{"embeddable":true,"href":"https:\/\/bmarkify.com\/fr\/wp-json\/wp\/v2\/users\/1"}],"replies":[{"embeddable":true,"href":"https:\/\/bmarkify.com\/fr\/wp-json\/wp\/v2\/comments?post=10947"}],"version-history":[{"count":2,"href":"https:\/\/bmarkify.com\/fr\/wp-json\/wp\/v2\/pages\/10947\/revisions"}],"predecessor-version":[{"id":11695,"href":"https:\/\/bmarkify.com\/fr\/wp-json\/wp\/v2\/pages\/10947\/revisions\/11695"}],"wp:attachment":[{"href":"https:\/\/bmarkify.com\/fr\/wp-json\/wp\/v2\/media?parent=10947"}],"wp:term":[{"taxonomy":"author","embeddable":true,"href":"https:\/\/bmarkify.com\/fr\/wp-json\/wp\/v2\/coauthors?post=10947"}],"curies":[{"name":"wp","href":"https:\/\/api.w.org\/{rel}","templated":true}]}}