{"id":10917,"date":"2024-02-26T13:14:12","date_gmt":"2024-02-26T13:14:12","guid":{"rendered":"https:\/\/bmarkify.com\/conditions-generales-dutilisation\/"},"modified":"2025-02-08T08:34:21","modified_gmt":"2025-02-08T08:34:21","slug":"terms-and-conditions","status":"publish","type":"page","link":"https:\/\/bmarkify.com\/fr\/terms-and-conditions\/","title":{"rendered":"Conditions g\u00e9n\u00e9rales d&rsquo;utilisation"},"content":{"rendered":"\r\n<h1 class=\"wp-block-heading\">Conditions g\u00e9n\u00e9rales d&rsquo;utilisation<\/h1>\r\n\r\n\r\n\r\n<p>Derni\u00e8re mise \u00e0 jour : 16 &#8211; f\u00e9vrier &#8211; 2024<\/p>\r\n\r\n\r\n\r\n<p>Veuillez lire attentivement les pr\u00e9sentes conditions d&rsquo;utilisation avant d&rsquo;utiliser le site web bmarkify.com.<\/p>\r\n\r\n\r\n\r\n<p>Votre acc\u00e8s au service et son utilisation sont subordonn\u00e9s \u00e0 votre acceptation et au respect des pr\u00e9sentes conditions. Ces conditions s&rsquo;appliquent \u00e0 tous les visiteurs, utilisateurs et autres personnes qui acc\u00e8dent au service ou l&rsquo;utilisent.<\/p>\r\n\r\n\r\n\r\n<p>En acc\u00e9dant au service ou en l&rsquo;utilisant, vous acceptez d&rsquo;\u00eatre li\u00e9 par les pr\u00e9sentes conditions. Si vous n&rsquo;\u00eates pas d&rsquo;accord avec une partie des conditions, vous ne pouvez pas acc\u00e9der au service.<\/p>\r\n\r\n\r\n\r\n<h2 class=\"wp-block-heading\">Propri\u00e9t\u00e9 intellectuelle<\/h2>\r\n\r\n\r\n\r\n<p>Le service et son contenu original, ses caract\u00e9ristiques et ses fonctionnalit\u00e9s sont et resteront la propri\u00e9t\u00e9 exclusive de bmarkify.com et de ses conc\u00e9dants de licence.<\/p>\r\n\r\n\r\n\r\n<h2 class=\"wp-block-heading\">Liens vers d&rsquo;autres sites web<\/h2>\r\n\r\n\r\n\r\n<p>Notre service peut contenir des liens vers des sites web ou des services de tiers qui ne sont pas d\u00e9tenus ou contr\u00f4l\u00e9s par bmarkify.com.<\/p>\r\n\r\n\r\n\r\n<p>bmarkify.com n&rsquo;a aucun contr\u00f4le et n&rsquo;assume aucune responsabilit\u00e9 quant au contenu, aux politiques de confidentialit\u00e9 ou aux pratiques des sites Web ou des services de tiers. En outre, vous reconnaissez et acceptez que bmarkify.com ne soit pas responsable, directement ou indirectement, de tout dommage ou perte caus\u00e9 ou suppos\u00e9 \u00eatre caus\u00e9 par ou en relation avec l&rsquo;utilisation ou la confiance dans un tel contenu, des biens ou des services disponibles sur ou par le biais de tels sites Web ou services.<\/p>\r\n\r\n\r\n\r\n<p>Nous vous conseillons vivement de lire les conditions g\u00e9n\u00e9rales et les politiques de confidentialit\u00e9 de tout site web ou service tiers que vous visitez.<\/p>\r\n\r\n\r\n\r\n<h2 class=\"wp-block-heading\">Cessation d&rsquo;activit\u00e9<\/h2>\r\n\r\n\r\n\r\n<p>Nous pouvons r\u00e9silier ou suspendre l&rsquo;acc\u00e8s \u00e0 notre service imm\u00e9diatement, sans pr\u00e9avis ni responsabilit\u00e9, pour quelque raison que ce soit, y compris, mais sans s&rsquo;y limiter, si vous enfreignez les conditions.<\/p>\r\n\r\n\r\n\r\n<p>Toutes les dispositions des conditions qui, de par leur nature, doivent survivre \u00e0 la r\u00e9siliation, y compris, sans s&rsquo;y limiter, les dispositions relatives \u00e0 la propri\u00e9t\u00e9, les exclusions de garantie, l&rsquo;indemnisation et les limitations de responsabilit\u00e9, resteront en vigueur.<\/p>\r\n\r\n\r\n\r\n<h2 class=\"wp-block-heading\">Clause de non-responsabilit\u00e9<\/h2>\r\n\r\n\r\n\r\n<p>Vous utilisez le service \u00e0 vos risques et p\u00e9rils. Le service est fourni \u00ab\u00a0EN L&rsquo;\u00c9TAT\u00a0\u00bb et \u00ab\u00a0SELON LA DISPONIBILIT\u00c9\u00a0\u00bb. Le service est fourni sans garantie d&rsquo;aucune sorte, expresse ou implicite, y compris, mais sans s&rsquo;y limiter, les garanties implicites de qualit\u00e9 marchande, d&rsquo;ad\u00e9quation \u00e0 un usage particulier, d&rsquo;absence de contrefa\u00e7on ou de mode d&rsquo;ex\u00e9cution.<\/p>\r\n\r\n\r\n\r\n<h2 class=\"wp-block-heading\">Droit applicable<\/h2>\r\n\r\n\r\n\r\n<p>Les pr\u00e9sentes conditions sont r\u00e9gies et interpr\u00e9t\u00e9es conform\u00e9ment aux lois de l&rsquo;Inde, sans tenir compte des dispositions relatives aux conflits de lois.<\/p>\r\n\r\n\r\n\r\n<p>Le fait que nous ne fassions pas valoir un droit ou une disposition des pr\u00e9sentes conditions ne sera pas consid\u00e9r\u00e9 comme une renonciation \u00e0 ces droits. Si une disposition des pr\u00e9sentes conditions est jug\u00e9e invalide ou inapplicable par un tribunal, les autres dispositions des pr\u00e9sentes conditions resteront en vigueur. Les pr\u00e9sentes conditions constituent l&rsquo;int\u00e9gralit\u00e9 de l&rsquo;accord entre nous concernant notre service, et elles annulent et remplacent tout accord ant\u00e9rieur que nous pourrions avoir entre nous concernant le service.<\/p>\r\n\r\n\r\n\r\n<h2 class=\"wp-block-heading\">Changements<\/h2>\r\n\r\n\r\n\r\n<p>Nous nous r\u00e9servons le droit, \u00e0 notre seule discr\u00e9tion, de modifier ou de remplacer ces conditions \u00e0 tout moment. Si une r\u00e9vision est importante, nous nous efforcerons de fournir un pr\u00e9avis d&rsquo;au moins 30 jours avant l&rsquo;entr\u00e9e en vigueur des nouvelles conditions. La d\u00e9finition de ce qui constitue une modification substantielle est laiss\u00e9e \u00e0 notre seule discr\u00e9tion.<\/p>\r\n\r\n\r\n\r\n<p>En continuant \u00e0 acc\u00e9der \u00e0 notre service ou \u00e0 l&rsquo;utiliser apr\u00e8s l&rsquo;entr\u00e9e en vigueur de ces r\u00e9visions, vous acceptez d&rsquo;\u00eatre li\u00e9 par les conditions r\u00e9vis\u00e9es. Si vous n&rsquo;acceptez pas les nouvelles conditions, veuillez cesser d&rsquo;utiliser le service.<\/p>\r\n\r\n\r\n\r\n<h2 class=\"wp-block-heading\">Contactez nous<\/h2>\r\n\r\n\r\n\r\n<p>Si vous avez des questions concernant ces conditions, veuillez nous contacter.<\/p>\r\n","protected":false},"excerpt":{"rendered":"<p>Conditions g\u00e9n\u00e9rales d&rsquo;utilisation Derni\u00e8re mise \u00e0 jour : 16 &#8211; f\u00e9vrier &#8211; 2024 Veuillez lire attentivement les pr\u00e9sentes conditions d&rsquo;utilisation avant d&rsquo;utiliser le site web bmarkify.com. Votre acc\u00e8s au service et son utilisation sont subordonn\u00e9s \u00e0 votre acceptation et au respect des pr\u00e9sentes conditions. Ces conditions s&rsquo;appliquent \u00e0 tous les visiteurs, utilisateurs et autres personnes qui acc\u00e8dent au service ou l&rsquo;utilisent. En acc\u00e9dant au service ou en l&rsquo;utilisant, vous acceptez d&rsquo;\u00eatre li\u00e9 par les pr\u00e9sentes conditions. Si vous n&rsquo;\u00eates pas d&rsquo;accord avec une partie des conditions, vous ne pouvez pas acc\u00e9der au service. Propri\u00e9t\u00e9 intellectuelle Le service et son contenu original, ses caract\u00e9ristiques et ses fonctionnalit\u00e9s sont et resteront la propri\u00e9t\u00e9 exclusive de bmarkify.com et de ses conc\u00e9dants de licence. Liens vers d&rsquo;autres sites web Notre service peut contenir des liens vers des sites web ou des services de tiers qui ne sont pas d\u00e9tenus ou contr\u00f4l\u00e9s par bmarkify.com. bmarkify.com n&rsquo;a aucun contr\u00f4le et n&rsquo;assume aucune responsabilit\u00e9 quant au contenu, aux politiques de confidentialit\u00e9 ou aux pratiques des sites Web ou des services de tiers. En outre, vous reconnaissez et acceptez que bmarkify.com ne soit pas responsable, directement ou indirectement, de tout dommage ou perte caus\u00e9 ou suppos\u00e9 \u00eatre caus\u00e9 &hellip;<\/p>\n","protected":false},"author":1,"featured_media":0,"parent":0,"menu_order":0,"comment_status":"closed","ping_status":"closed","template":"","meta":{"footnotes":""},"coauthors":[26],"class_list":["post-10917","page","type-page","status-publish","hentry"],"acf":[],"yoast_head":"<!-- This site is optimized with the Yoast SEO plugin v26.8 - https:\/\/yoast.com\/product\/yoast-seo-wordpress\/ -->\n<title>Conditions g\u00e9n\u00e9rales d&#039;utilisation - B-Markify<\/title>\n<meta name=\"robots\" content=\"index, follow, max-snippet:-1, max-image-preview:large, max-video-preview:-1\" \/>\n<link rel=\"canonical\" href=\"https:\/\/bmarkify.com\/fr\/terms-and-conditions\/\" \/>\n<meta property=\"og:locale\" content=\"fr_FR\" \/>\n<meta property=\"og:type\" content=\"article\" \/>\n<meta property=\"og:title\" content=\"Conditions g\u00e9n\u00e9rales d&#039;utilisation - B-Markify\" \/>\n<meta property=\"og:description\" content=\"Conditions g\u00e9n\u00e9rales d&rsquo;utilisation Derni\u00e8re mise \u00e0 jour : 16 &#8211; f\u00e9vrier &#8211; 2024 Veuillez lire attentivement les pr\u00e9sentes conditions d&rsquo;utilisation avant d&rsquo;utiliser le site web bmarkify.com. Votre acc\u00e8s au service et son utilisation sont subordonn\u00e9s \u00e0 votre acceptation et au respect des pr\u00e9sentes conditions. Ces conditions s&rsquo;appliquent \u00e0 tous les visiteurs, utilisateurs et autres personnes qui acc\u00e8dent au service ou l&rsquo;utilisent. En acc\u00e9dant au service ou en l&rsquo;utilisant, vous acceptez d&rsquo;\u00eatre li\u00e9 par les pr\u00e9sentes conditions. Si vous n&rsquo;\u00eates pas d&rsquo;accord avec une partie des conditions, vous ne pouvez pas acc\u00e9der au service. Propri\u00e9t\u00e9 intellectuelle Le service et son contenu original, ses caract\u00e9ristiques et ses fonctionnalit\u00e9s sont et resteront la propri\u00e9t\u00e9 exclusive de bmarkify.com et de ses conc\u00e9dants de licence. Liens vers d&rsquo;autres sites web Notre service peut contenir des liens vers des sites web ou des services de tiers qui ne sont pas d\u00e9tenus ou contr\u00f4l\u00e9s par bmarkify.com. bmarkify.com n&rsquo;a aucun contr\u00f4le et n&rsquo;assume aucune responsabilit\u00e9 quant au contenu, aux politiques de confidentialit\u00e9 ou aux pratiques des sites Web ou des services de tiers. En outre, vous reconnaissez et acceptez que bmarkify.com ne soit pas responsable, directement ou indirectement, de tout dommage ou perte caus\u00e9 ou suppos\u00e9 \u00eatre caus\u00e9 &hellip;\" \/>\n<meta property=\"og:url\" content=\"https:\/\/bmarkify.com\/fr\/terms-and-conditions\/\" \/>\n<meta property=\"og:site_name\" content=\"B-Markify\" \/>\n<meta property=\"article:modified_time\" content=\"2025-02-08T08:34:21+00:00\" \/>\n<meta name=\"twitter:card\" content=\"summary_large_image\" \/>\n<meta name=\"twitter:label1\" content=\"Dur\u00e9e de lecture estim\u00e9e\" \/>\n\t<meta name=\"twitter:data1\" content=\"3 minutes\" \/>\n\t<meta name=\"twitter:label2\" content=\"Written by\" \/>\n\t<meta name=\"twitter:data2\" content=\"USPL\" \/>\n<script type=\"application\/ld+json\" class=\"yoast-schema-graph\">{\"@context\":\"https:\/\/schema.org\",\"@graph\":[{\"@type\":\"WebPage\",\"@id\":\"https:\/\/bmarkify.com\/fr\/terms-and-conditions\/\",\"url\":\"https:\/\/bmarkify.com\/fr\/terms-and-conditions\/\",\"name\":\"Conditions g\u00e9n\u00e9rales d'utilisation - B-Markify\",\"isPartOf\":{\"@id\":\"https:\/\/bmarkify.com\/fr\/#website\"},\"datePublished\":\"2024-02-26T13:14:12+00:00\",\"dateModified\":\"2025-02-08T08:34:21+00:00\",\"breadcrumb\":{\"@id\":\"https:\/\/bmarkify.com\/fr\/terms-and-conditions\/#breadcrumb\"},\"inLanguage\":\"fr-FR\",\"potentialAction\":[{\"@type\":\"ReadAction\",\"target\":[\"https:\/\/bmarkify.com\/fr\/terms-and-conditions\/\"]}]},{\"@type\":\"BreadcrumbList\",\"@id\":\"https:\/\/bmarkify.com\/fr\/terms-and-conditions\/#breadcrumb\",\"itemListElement\":[{\"@type\":\"ListItem\",\"position\":1,\"name\":\"Home\",\"item\":\"https:\/\/bmarkify.com\/fr\/\"},{\"@type\":\"ListItem\",\"position\":2,\"name\":\"Conditions g\u00e9n\u00e9rales d&#8217;utilisation\"}]},{\"@type\":\"WebSite\",\"@id\":\"https:\/\/bmarkify.com\/fr\/#website\",\"url\":\"https:\/\/bmarkify.com\/fr\/\",\"name\":\"B-Markify\",\"description\":\"\",\"publisher\":{\"@id\":\"https:\/\/bmarkify.com\/fr\/#organization\"},\"potentialAction\":[{\"@type\":\"SearchAction\",\"target\":{\"@type\":\"EntryPoint\",\"urlTemplate\":\"https:\/\/bmarkify.com\/fr\/?s={search_term_string}\"},\"query-input\":{\"@type\":\"PropertyValueSpecification\",\"valueRequired\":true,\"valueName\":\"search_term_string\"}}],\"inLanguage\":\"fr-FR\"},{\"@type\":\"Organization\",\"@id\":\"https:\/\/bmarkify.com\/fr\/#organization\",\"name\":\"Upbrighter IT Services Pvt. Ltd.\",\"url\":\"https:\/\/bmarkify.com\/fr\/\",\"logo\":{\"@type\":\"ImageObject\",\"inLanguage\":\"fr-FR\",\"@id\":\"https:\/\/bmarkify.com\/fr\/#\/schema\/logo\/image\/\",\"url\":\"https:\/\/bmarkify.com\/wp-content\/uploads\/2024\/01\/Full-Logo-1.png\",\"contentUrl\":\"https:\/\/bmarkify.com\/wp-content\/uploads\/2024\/01\/Full-Logo-1.png\",\"width\":2000,\"height\":1333,\"caption\":\"Upbrighter IT Services Pvt. Ltd.\"},\"image\":{\"@id\":\"https:\/\/bmarkify.com\/fr\/#\/schema\/logo\/image\/\"}}]}<\/script>\n<!-- \/ Yoast SEO plugin. -->","yoast_head_json":{"title":"Conditions g\u00e9n\u00e9rales d'utilisation - B-Markify","robots":{"index":"index","follow":"follow","max-snippet":"max-snippet:-1","max-image-preview":"max-image-preview:large","max-video-preview":"max-video-preview:-1"},"canonical":"https:\/\/bmarkify.com\/fr\/terms-and-conditions\/","og_locale":"fr_FR","og_type":"article","og_title":"Conditions g\u00e9n\u00e9rales d'utilisation - B-Markify","og_description":"Conditions g\u00e9n\u00e9rales d&rsquo;utilisation Derni\u00e8re mise \u00e0 jour : 16 &#8211; f\u00e9vrier &#8211; 2024 Veuillez lire attentivement les pr\u00e9sentes conditions d&rsquo;utilisation avant d&rsquo;utiliser le site web bmarkify.com. Votre acc\u00e8s au service et son utilisation sont subordonn\u00e9s \u00e0 votre acceptation et au respect des pr\u00e9sentes conditions. Ces conditions s&rsquo;appliquent \u00e0 tous les visiteurs, utilisateurs et autres personnes qui acc\u00e8dent au service ou l&rsquo;utilisent. En acc\u00e9dant au service ou en l&rsquo;utilisant, vous acceptez d&rsquo;\u00eatre li\u00e9 par les pr\u00e9sentes conditions. Si vous n&rsquo;\u00eates pas d&rsquo;accord avec une partie des conditions, vous ne pouvez pas acc\u00e9der au service. Propri\u00e9t\u00e9 intellectuelle Le service et son contenu original, ses caract\u00e9ristiques et ses fonctionnalit\u00e9s sont et resteront la propri\u00e9t\u00e9 exclusive de bmarkify.com et de ses conc\u00e9dants de licence. Liens vers d&rsquo;autres sites web Notre service peut contenir des liens vers des sites web ou des services de tiers qui ne sont pas d\u00e9tenus ou contr\u00f4l\u00e9s par bmarkify.com. bmarkify.com n&rsquo;a aucun contr\u00f4le et n&rsquo;assume aucune responsabilit\u00e9 quant au contenu, aux politiques de confidentialit\u00e9 ou aux pratiques des sites Web ou des services de tiers. En outre, vous reconnaissez et acceptez que bmarkify.com ne soit pas responsable, directement ou indirectement, de tout dommage ou perte caus\u00e9 ou suppos\u00e9 \u00eatre caus\u00e9 &hellip;","og_url":"https:\/\/bmarkify.com\/fr\/terms-and-conditions\/","og_site_name":"B-Markify","article_modified_time":"2025-02-08T08:34:21+00:00","twitter_card":"summary_large_image","twitter_misc":{"Dur\u00e9e de lecture estim\u00e9e":"3 minutes","Written by":"USPL"},"schema":{"@context":"https:\/\/schema.org","@graph":[{"@type":"WebPage","@id":"https:\/\/bmarkify.com\/fr\/terms-and-conditions\/","url":"https:\/\/bmarkify.com\/fr\/terms-and-conditions\/","name":"Conditions g\u00e9n\u00e9rales d'utilisation - B-Markify","isPartOf":{"@id":"https:\/\/bmarkify.com\/fr\/#website"},"datePublished":"2024-02-26T13:14:12+00:00","dateModified":"2025-02-08T08:34:21+00:00","breadcrumb":{"@id":"https:\/\/bmarkify.com\/fr\/terms-and-conditions\/#breadcrumb"},"inLanguage":"fr-FR","potentialAction":[{"@type":"ReadAction","target":["https:\/\/bmarkify.com\/fr\/terms-and-conditions\/"]}]},{"@type":"BreadcrumbList","@id":"https:\/\/bmarkify.com\/fr\/terms-and-conditions\/#breadcrumb","itemListElement":[{"@type":"ListItem","position":1,"name":"Home","item":"https:\/\/bmarkify.com\/fr\/"},{"@type":"ListItem","position":2,"name":"Conditions g\u00e9n\u00e9rales d&#8217;utilisation"}]},{"@type":"WebSite","@id":"https:\/\/bmarkify.com\/fr\/#website","url":"https:\/\/bmarkify.com\/fr\/","name":"B-Markify","description":"","publisher":{"@id":"https:\/\/bmarkify.com\/fr\/#organization"},"potentialAction":[{"@type":"SearchAction","target":{"@type":"EntryPoint","urlTemplate":"https:\/\/bmarkify.com\/fr\/?s={search_term_string}"},"query-input":{"@type":"PropertyValueSpecification","valueRequired":true,"valueName":"search_term_string"}}],"inLanguage":"fr-FR"},{"@type":"Organization","@id":"https:\/\/bmarkify.com\/fr\/#organization","name":"Upbrighter IT Services Pvt. Ltd.","url":"https:\/\/bmarkify.com\/fr\/","logo":{"@type":"ImageObject","inLanguage":"fr-FR","@id":"https:\/\/bmarkify.com\/fr\/#\/schema\/logo\/image\/","url":"https:\/\/bmarkify.com\/wp-content\/uploads\/2024\/01\/Full-Logo-1.png","contentUrl":"https:\/\/bmarkify.com\/wp-content\/uploads\/2024\/01\/Full-Logo-1.png","width":2000,"height":1333,"caption":"Upbrighter IT Services Pvt. Ltd."},"image":{"@id":"https:\/\/bmarkify.com\/fr\/#\/schema\/logo\/image\/"}}]}},"_links":{"self":[{"href":"https:\/\/bmarkify.com\/fr\/wp-json\/wp\/v2\/pages\/10917","targetHints":{"allow":["GET"]}}],"collection":[{"href":"https:\/\/bmarkify.com\/fr\/wp-json\/wp\/v2\/pages"}],"about":[{"href":"https:\/\/bmarkify.com\/fr\/wp-json\/wp\/v2\/types\/page"}],"author":[{"embeddable":true,"href":"https:\/\/bmarkify.com\/fr\/wp-json\/wp\/v2\/users\/1"}],"replies":[{"embeddable":true,"href":"https:\/\/bmarkify.com\/fr\/wp-json\/wp\/v2\/comments?post=10917"}],"version-history":[{"count":2,"href":"https:\/\/bmarkify.com\/fr\/wp-json\/wp\/v2\/pages\/10917\/revisions"}],"predecessor-version":[{"id":13110,"href":"https:\/\/bmarkify.com\/fr\/wp-json\/wp\/v2\/pages\/10917\/revisions\/13110"}],"wp:attachment":[{"href":"https:\/\/bmarkify.com\/fr\/wp-json\/wp\/v2\/media?parent=10917"}],"wp:term":[{"taxonomy":"author","embeddable":true,"href":"https:\/\/bmarkify.com\/fr\/wp-json\/wp\/v2\/coauthors?post=10917"}],"curies":[{"name":"wp","href":"https:\/\/api.w.org\/{rel}","templated":true}]}}