{"id":10868,"date":"2024-10-04T13:05:32","date_gmt":"2024-10-04T12:05:32","guid":{"rendered":"https:\/\/bmarkify.com\/clause-de-non-responsabilite\/"},"modified":"2024-10-24T12:54:34","modified_gmt":"2024-10-24T11:54:34","slug":"disclaimer","status":"publish","type":"page","link":"https:\/\/bmarkify.com\/fr\/disclaimer\/","title":{"rendered":"Clause de non-responsabilit\u00e9"},"content":{"rendered":"\n<p>Les informations fournies sur <strong>Bmarkify.com<\/strong> sont destin\u00e9es \u00e0 des fins d&rsquo;information g\u00e9n\u00e9rale uniquement. Nous nous effor\u00e7ons de maintenir tout le contenu \u00e0 jour et exact, mais nous n&rsquo;offrons aucune garantie, expresse ou implicite, quant \u00e0 l&rsquo;exhaustivit\u00e9, la fiabilit\u00e9 ou l&rsquo;exactitude des informations trouv\u00e9es sur ce site Web. Toute action entreprise sur la base des informations contenues dans Bmarkify.com l&rsquo;est \u00e0 vos propres risques.  <\/p>\n\n<p>Bien que le contenu fourni soit li\u00e9 aux tendances, techniques et technologies num\u00e9riques en mati\u00e8re de r\u00e9f\u00e9rencement, les conseils et strat\u00e9gies partag\u00e9s peuvent ne pas fonctionner dans toutes les situations ou pour toutes les entreprises. Il est essentiel d&rsquo;adapter toute strat\u00e9gie de r\u00e9f\u00e9rencement ou de marketing \u00e0 vos besoins et objectifs sp\u00e9cifiques. Bmarkify.com ne sera pas responsable des pertes ou dommages li\u00e9s \u00e0 l&rsquo;utilisation de notre contenu.  <\/p>\n\n<p><strong>Liens externes :<\/strong><\/p>\n\n<p>Occasionnellement, Bmarkify.com peut inclure des liens vers des sites Web ou des ressources de tiers. Ces liens externes sont fournis pour votre commodit\u00e9 et sont destin\u00e9s \u00e0 vous diriger vers des ressources utiles. Cependant, nous n&rsquo;avons aucun contr\u00f4le sur le contenu ou les pratiques de ces sites externes. L&rsquo;inclusion d&rsquo;un lien n&rsquo;implique pas l&rsquo;approbation ou la recommandation du site tiers ou de son contenu. Bmarkify.com n&rsquo;est pas responsable des pratiques, du contenu ou de la disponibilit\u00e9 des sites Web externes.    <\/p>\n\n<p>Nous encourageons les utilisateurs \u00e0 faire preuve de prudence lorsqu&rsquo;ils visitent des sites de tiers et \u00e0 prendre connaissance de leurs politiques de confidentialit\u00e9 et de leurs conditions d&rsquo;utilisation.<\/p>\n\n<p><strong>Divulgation de l&rsquo;affiliation :<\/strong><\/p>\n\n<p>Parfois, Bmarkify.com peut s&rsquo;engager dans le marketing d&rsquo;affiliation, o\u00f9 nous pouvons gagner une commission sur les produits ou services achet\u00e9s par le biais de liens sur notre site. Ces commissions permettent de financer le contenu du site et les co\u00fbts op\u00e9rationnels. Cependant, nous ne recommandons que des produits ou services que nous pensons \u00eatre utiles \u00e0 nos utilisateurs.  <\/p>\n\n<p><strong>Consentement :<\/strong><\/p>\n\n<p>En utilisant Bmarkify.com, vous reconnaissez avoir lu cette clause de non-responsabilit\u00e9 et en accepter les termes. Si vous n&rsquo;\u00eates pas d&rsquo;accord avec cette clause de non-responsabilit\u00e9, nous vous conseillons de cesser d&rsquo;utiliser le site Web. <\/p>\n\n<p>Si vous avez des questions concernant cette clause de non-responsabilit\u00e9, veuillez nous contacter \u00e0 l&rsquo;adresse suivante <a>: info@upbrighterservices.com<\/a>.<\/p>\n","protected":false},"excerpt":{"rendered":"<p>Les informations fournies sur Bmarkify.com sont destin\u00e9es \u00e0 des fins d&rsquo;information g\u00e9n\u00e9rale uniquement. Nous nous effor\u00e7ons de maintenir tout le contenu \u00e0 jour et exact, mais nous n&rsquo;offrons aucune garantie, expresse ou implicite, quant \u00e0 l&rsquo;exhaustivit\u00e9, la fiabilit\u00e9 ou l&rsquo;exactitude des informations trouv\u00e9es sur ce site Web. Toute action entreprise sur la base des informations contenues dans Bmarkify.com l&rsquo;est \u00e0 vos propres risques. Bien que le contenu fourni soit li\u00e9 aux tendances, techniques et technologies num\u00e9riques en mati\u00e8re de r\u00e9f\u00e9rencement, les conseils et strat\u00e9gies partag\u00e9s peuvent ne pas fonctionner dans toutes les situations ou pour toutes les entreprises. Il est essentiel d&rsquo;adapter toute strat\u00e9gie de r\u00e9f\u00e9rencement ou de marketing \u00e0 vos besoins et objectifs sp\u00e9cifiques. Bmarkify.com ne sera pas responsable des pertes ou dommages li\u00e9s \u00e0 l&rsquo;utilisation de notre contenu. Liens externes : Occasionnellement, Bmarkify.com peut inclure des liens vers des sites Web ou des ressources de tiers. Ces liens externes sont fournis pour votre commodit\u00e9 et sont destin\u00e9s \u00e0 vous diriger vers des ressources utiles. Cependant, nous n&rsquo;avons aucun contr\u00f4le sur le contenu ou les pratiques de ces sites externes. L&rsquo;inclusion d&rsquo;un lien n&rsquo;implique pas l&rsquo;approbation ou la recommandation du site tiers ou de son contenu. Bmarkify.com n&rsquo;est pas &hellip;<\/p>\n","protected":false},"author":1,"featured_media":0,"parent":0,"menu_order":0,"comment_status":"closed","ping_status":"closed","template":"","meta":{"footnotes":""},"coauthors":[26],"class_list":["post-10868","page","type-page","status-publish","hentry"],"acf":[],"yoast_head":"<!-- This site is optimized with the Yoast SEO plugin v26.8 - https:\/\/yoast.com\/product\/yoast-seo-wordpress\/ -->\n<title>Clause de non-responsabilit\u00e9 - B-Markify<\/title>\n<meta name=\"robots\" content=\"index, follow, max-snippet:-1, max-image-preview:large, max-video-preview:-1\" \/>\n<link rel=\"canonical\" href=\"https:\/\/bmarkify.com\/fr\/disclaimer\/\" \/>\n<meta property=\"og:locale\" content=\"fr_FR\" \/>\n<meta property=\"og:type\" content=\"article\" \/>\n<meta property=\"og:title\" content=\"Clause de non-responsabilit\u00e9 - B-Markify\" \/>\n<meta property=\"og:description\" content=\"Les informations fournies sur Bmarkify.com sont destin\u00e9es \u00e0 des fins d&rsquo;information g\u00e9n\u00e9rale uniquement. Nous nous effor\u00e7ons de maintenir tout le contenu \u00e0 jour et exact, mais nous n&rsquo;offrons aucune garantie, expresse ou implicite, quant \u00e0 l&rsquo;exhaustivit\u00e9, la fiabilit\u00e9 ou l&rsquo;exactitude des informations trouv\u00e9es sur ce site Web. Toute action entreprise sur la base des informations contenues dans Bmarkify.com l&rsquo;est \u00e0 vos propres risques. Bien que le contenu fourni soit li\u00e9 aux tendances, techniques et technologies num\u00e9riques en mati\u00e8re de r\u00e9f\u00e9rencement, les conseils et strat\u00e9gies partag\u00e9s peuvent ne pas fonctionner dans toutes les situations ou pour toutes les entreprises. Il est essentiel d&rsquo;adapter toute strat\u00e9gie de r\u00e9f\u00e9rencement ou de marketing \u00e0 vos besoins et objectifs sp\u00e9cifiques. Bmarkify.com ne sera pas responsable des pertes ou dommages li\u00e9s \u00e0 l&rsquo;utilisation de notre contenu. Liens externes : Occasionnellement, Bmarkify.com peut inclure des liens vers des sites Web ou des ressources de tiers. Ces liens externes sont fournis pour votre commodit\u00e9 et sont destin\u00e9s \u00e0 vous diriger vers des ressources utiles. Cependant, nous n&rsquo;avons aucun contr\u00f4le sur le contenu ou les pratiques de ces sites externes. L&rsquo;inclusion d&rsquo;un lien n&rsquo;implique pas l&rsquo;approbation ou la recommandation du site tiers ou de son contenu. Bmarkify.com n&rsquo;est pas &hellip;\" \/>\n<meta property=\"og:url\" content=\"https:\/\/bmarkify.com\/fr\/disclaimer\/\" \/>\n<meta property=\"og:site_name\" content=\"B-Markify\" \/>\n<meta property=\"article:modified_time\" content=\"2024-10-24T11:54:34+00:00\" \/>\n<meta name=\"twitter:card\" content=\"summary_large_image\" \/>\n<meta name=\"twitter:label1\" content=\"Dur\u00e9e de lecture estim\u00e9e\" \/>\n\t<meta name=\"twitter:data1\" content=\"2 minutes\" \/>\n\t<meta name=\"twitter:label2\" content=\"Written by\" \/>\n\t<meta name=\"twitter:data2\" content=\"USPL\" \/>\n<script type=\"application\/ld+json\" class=\"yoast-schema-graph\">{\"@context\":\"https:\/\/schema.org\",\"@graph\":[{\"@type\":\"WebPage\",\"@id\":\"https:\/\/bmarkify.com\/fr\/disclaimer\/\",\"url\":\"https:\/\/bmarkify.com\/fr\/disclaimer\/\",\"name\":\"Clause de non-responsabilit\u00e9 - B-Markify\",\"isPartOf\":{\"@id\":\"https:\/\/bmarkify.com\/fr\/#website\"},\"datePublished\":\"2024-10-04T12:05:32+00:00\",\"dateModified\":\"2024-10-24T11:54:34+00:00\",\"breadcrumb\":{\"@id\":\"https:\/\/bmarkify.com\/fr\/disclaimer\/#breadcrumb\"},\"inLanguage\":\"fr-FR\",\"potentialAction\":[{\"@type\":\"ReadAction\",\"target\":[\"https:\/\/bmarkify.com\/fr\/disclaimer\/\"]}]},{\"@type\":\"BreadcrumbList\",\"@id\":\"https:\/\/bmarkify.com\/fr\/disclaimer\/#breadcrumb\",\"itemListElement\":[{\"@type\":\"ListItem\",\"position\":1,\"name\":\"Home\",\"item\":\"https:\/\/bmarkify.com\/fr\/\"},{\"@type\":\"ListItem\",\"position\":2,\"name\":\"Clause de non-responsabilit\u00e9\"}]},{\"@type\":\"WebSite\",\"@id\":\"https:\/\/bmarkify.com\/fr\/#website\",\"url\":\"https:\/\/bmarkify.com\/fr\/\",\"name\":\"B-Markify\",\"description\":\"\",\"publisher\":{\"@id\":\"https:\/\/bmarkify.com\/fr\/#organization\"},\"potentialAction\":[{\"@type\":\"SearchAction\",\"target\":{\"@type\":\"EntryPoint\",\"urlTemplate\":\"https:\/\/bmarkify.com\/fr\/?s={search_term_string}\"},\"query-input\":{\"@type\":\"PropertyValueSpecification\",\"valueRequired\":true,\"valueName\":\"search_term_string\"}}],\"inLanguage\":\"fr-FR\"},{\"@type\":\"Organization\",\"@id\":\"https:\/\/bmarkify.com\/fr\/#organization\",\"name\":\"Upbrighter IT Services Pvt. Ltd.\",\"url\":\"https:\/\/bmarkify.com\/fr\/\",\"logo\":{\"@type\":\"ImageObject\",\"inLanguage\":\"fr-FR\",\"@id\":\"https:\/\/bmarkify.com\/fr\/#\/schema\/logo\/image\/\",\"url\":\"https:\/\/bmarkify.com\/wp-content\/uploads\/2024\/01\/Full-Logo-1.png\",\"contentUrl\":\"https:\/\/bmarkify.com\/wp-content\/uploads\/2024\/01\/Full-Logo-1.png\",\"width\":2000,\"height\":1333,\"caption\":\"Upbrighter IT Services Pvt. Ltd.\"},\"image\":{\"@id\":\"https:\/\/bmarkify.com\/fr\/#\/schema\/logo\/image\/\"}}]}<\/script>\n<!-- \/ Yoast SEO plugin. -->","yoast_head_json":{"title":"Clause de non-responsabilit\u00e9 - B-Markify","robots":{"index":"index","follow":"follow","max-snippet":"max-snippet:-1","max-image-preview":"max-image-preview:large","max-video-preview":"max-video-preview:-1"},"canonical":"https:\/\/bmarkify.com\/fr\/disclaimer\/","og_locale":"fr_FR","og_type":"article","og_title":"Clause de non-responsabilit\u00e9 - B-Markify","og_description":"Les informations fournies sur Bmarkify.com sont destin\u00e9es \u00e0 des fins d&rsquo;information g\u00e9n\u00e9rale uniquement. Nous nous effor\u00e7ons de maintenir tout le contenu \u00e0 jour et exact, mais nous n&rsquo;offrons aucune garantie, expresse ou implicite, quant \u00e0 l&rsquo;exhaustivit\u00e9, la fiabilit\u00e9 ou l&rsquo;exactitude des informations trouv\u00e9es sur ce site Web. Toute action entreprise sur la base des informations contenues dans Bmarkify.com l&rsquo;est \u00e0 vos propres risques. Bien que le contenu fourni soit li\u00e9 aux tendances, techniques et technologies num\u00e9riques en mati\u00e8re de r\u00e9f\u00e9rencement, les conseils et strat\u00e9gies partag\u00e9s peuvent ne pas fonctionner dans toutes les situations ou pour toutes les entreprises. Il est essentiel d&rsquo;adapter toute strat\u00e9gie de r\u00e9f\u00e9rencement ou de marketing \u00e0 vos besoins et objectifs sp\u00e9cifiques. Bmarkify.com ne sera pas responsable des pertes ou dommages li\u00e9s \u00e0 l&rsquo;utilisation de notre contenu. Liens externes : Occasionnellement, Bmarkify.com peut inclure des liens vers des sites Web ou des ressources de tiers. Ces liens externes sont fournis pour votre commodit\u00e9 et sont destin\u00e9s \u00e0 vous diriger vers des ressources utiles. Cependant, nous n&rsquo;avons aucun contr\u00f4le sur le contenu ou les pratiques de ces sites externes. L&rsquo;inclusion d&rsquo;un lien n&rsquo;implique pas l&rsquo;approbation ou la recommandation du site tiers ou de son contenu. Bmarkify.com n&rsquo;est pas &hellip;","og_url":"https:\/\/bmarkify.com\/fr\/disclaimer\/","og_site_name":"B-Markify","article_modified_time":"2024-10-24T11:54:34+00:00","twitter_card":"summary_large_image","twitter_misc":{"Dur\u00e9e de lecture estim\u00e9e":"2 minutes","Written by":"USPL"},"schema":{"@context":"https:\/\/schema.org","@graph":[{"@type":"WebPage","@id":"https:\/\/bmarkify.com\/fr\/disclaimer\/","url":"https:\/\/bmarkify.com\/fr\/disclaimer\/","name":"Clause de non-responsabilit\u00e9 - B-Markify","isPartOf":{"@id":"https:\/\/bmarkify.com\/fr\/#website"},"datePublished":"2024-10-04T12:05:32+00:00","dateModified":"2024-10-24T11:54:34+00:00","breadcrumb":{"@id":"https:\/\/bmarkify.com\/fr\/disclaimer\/#breadcrumb"},"inLanguage":"fr-FR","potentialAction":[{"@type":"ReadAction","target":["https:\/\/bmarkify.com\/fr\/disclaimer\/"]}]},{"@type":"BreadcrumbList","@id":"https:\/\/bmarkify.com\/fr\/disclaimer\/#breadcrumb","itemListElement":[{"@type":"ListItem","position":1,"name":"Home","item":"https:\/\/bmarkify.com\/fr\/"},{"@type":"ListItem","position":2,"name":"Clause de non-responsabilit\u00e9"}]},{"@type":"WebSite","@id":"https:\/\/bmarkify.com\/fr\/#website","url":"https:\/\/bmarkify.com\/fr\/","name":"B-Markify","description":"","publisher":{"@id":"https:\/\/bmarkify.com\/fr\/#organization"},"potentialAction":[{"@type":"SearchAction","target":{"@type":"EntryPoint","urlTemplate":"https:\/\/bmarkify.com\/fr\/?s={search_term_string}"},"query-input":{"@type":"PropertyValueSpecification","valueRequired":true,"valueName":"search_term_string"}}],"inLanguage":"fr-FR"},{"@type":"Organization","@id":"https:\/\/bmarkify.com\/fr\/#organization","name":"Upbrighter IT Services Pvt. Ltd.","url":"https:\/\/bmarkify.com\/fr\/","logo":{"@type":"ImageObject","inLanguage":"fr-FR","@id":"https:\/\/bmarkify.com\/fr\/#\/schema\/logo\/image\/","url":"https:\/\/bmarkify.com\/wp-content\/uploads\/2024\/01\/Full-Logo-1.png","contentUrl":"https:\/\/bmarkify.com\/wp-content\/uploads\/2024\/01\/Full-Logo-1.png","width":2000,"height":1333,"caption":"Upbrighter IT Services Pvt. Ltd."},"image":{"@id":"https:\/\/bmarkify.com\/fr\/#\/schema\/logo\/image\/"}}]}},"_links":{"self":[{"href":"https:\/\/bmarkify.com\/fr\/wp-json\/wp\/v2\/pages\/10868","targetHints":{"allow":["GET"]}}],"collection":[{"href":"https:\/\/bmarkify.com\/fr\/wp-json\/wp\/v2\/pages"}],"about":[{"href":"https:\/\/bmarkify.com\/fr\/wp-json\/wp\/v2\/types\/page"}],"author":[{"embeddable":true,"href":"https:\/\/bmarkify.com\/fr\/wp-json\/wp\/v2\/users\/1"}],"replies":[{"embeddable":true,"href":"https:\/\/bmarkify.com\/fr\/wp-json\/wp\/v2\/comments?post=10868"}],"version-history":[{"count":1,"href":"https:\/\/bmarkify.com\/fr\/wp-json\/wp\/v2\/pages\/10868\/revisions"}],"predecessor-version":[{"id":10870,"href":"https:\/\/bmarkify.com\/fr\/wp-json\/wp\/v2\/pages\/10868\/revisions\/10870"}],"wp:attachment":[{"href":"https:\/\/bmarkify.com\/fr\/wp-json\/wp\/v2\/media?parent=10868"}],"wp:term":[{"taxonomy":"author","embeddable":true,"href":"https:\/\/bmarkify.com\/fr\/wp-json\/wp\/v2\/coauthors?post=10868"}],"curies":[{"name":"wp","href":"https:\/\/api.w.org\/{rel}","templated":true}]}}