{"id":11136,"date":"2024-01-08T10:19:01","date_gmt":"2024-01-08T10:19:01","guid":{"rendered":"https:\/\/bmarkify.com\/rueckerstattung-und-rueckgabebedingungen\/"},"modified":"2025-02-08T08:47:37","modified_gmt":"2025-02-08T08:47:37","slug":"refund_returns-2","status":"publish","type":"page","link":"https:\/\/bmarkify.com\/de\/refund_returns-2\/","title":{"rendered":"R\u00fcckerstattung und R\u00fcckgabebedingungen"},"content":{"rendered":"\r\n<p><b>Dies ist eine Beispielseite.<\/b><\/p>\r\n\r\n\r\n\r\n<h3>Overview<\/h3>\r\n\r\n\r\n\r\n<p>Unsere Erstattungs- und R\u00fcckgabebestimmungen gelten f\u00fcr 30 Tage. Wenn seit Ihrem Kauf 30 Tage vergangen sind, k\u00f6nnen wir Ihnen keine volle R\u00fcckerstattung oder keinen Umtausch anbieten.<\/p>\r\n\r\n\r\n\r\n<p>Um f\u00fcr eine R\u00fcckgabe in Frage zu kommen, muss Ihr Artikel unbenutzt sein und sich in demselben Zustand befinden, in dem Sie ihn erhalten haben. Au\u00dferdem muss er in der Originalverpackung sein.<\/p>\r\n\r\n\r\n\r\n<p>Einige Arten von Waren sind von der R\u00fcckgabe ausgenommen. Verderbliche Waren wie Lebensmittel, Blumen, Zeitungen oder Zeitschriften k\u00f6nnen nicht zur\u00fcckgegeben werden. Wir nehmen auch keine Produkte an, bei denen es sich um Intim- oder Hygieneartikel, Gefahrgut oder brennbare Fl\u00fcssigkeiten oder Gase handelt.<\/p>\r\n\r\n\r\n\r\n<p>Zus\u00e4tzliche Artikel, die nicht zur\u00fcckgegeben werden k\u00f6nnen:<\/p>\r\n\r\n\r\n\r\n<ul class=\"wp-block-list\">\r\n<li>Geschenkkarten<\/li>\r\n<li>Herunterladbare Software-Produkte<\/li>\r\n<li>Einige Artikel zur Gesundheits- und K\u00f6rperpflege<\/li>\r\n<\/ul>\r\n\r\n\r\n\r\n<p>Um Ihre R\u00fcckgabe abzuschlie\u00dfen, ben\u00f6tigen wir eine Quittung oder einen Kaufbeleg.<\/p>\r\n\r\n\r\n\r\n<p>Bitte schicken Sie Ihren Kauf nicht an den Hersteller zur\u00fcck.<\/p>\r\n\r\n\r\n\r\n<p>Es gibt bestimmte Situationen, in denen nur Teilerstattungen gew\u00e4hrt werden:<\/p>\r\n\r\n\r\n\r\n<ul class=\"wp-block-list\">\r\n<li>Buch mit deutlichen Gebrauchsspuren<\/li>\r\n<li>CD, DVD, VHS-Kassette, Software, Videospiel, Kassette oder Schallplatte, die ge\u00f6ffnet wurde.<\/li>\r\n<li>Jeder Artikel, der sich nicht im Originalzustand befindet, besch\u00e4digt ist oder dem Teile fehlen, die nicht auf unseren Fehler zur\u00fcckzuf\u00fchren sind.<\/li>\r\n<li>Jeder Artikel, der mehr als 30 Tage nach der Lieferung zur\u00fcckgegeben wird<\/li>\r\n<\/ul>\r\n\r\n\r\n\r\n<h2>Erstattungen<\/h2>\r\n\r\n\r\n\r\n<p>Sobald wir Ihre R\u00fccksendung erhalten und gepr\u00fcft haben, senden wir Ihnen eine E-Mail, um Sie dar\u00fcber zu informieren, dass wir Ihren zur\u00fcckgesendeten Artikel erhalten haben. Wir werden Sie auch \u00fcber die Genehmigung oder Ablehnung Ihrer R\u00fcckerstattung informieren.<\/p>\r\n\r\n\r\n\r\n<p>Wenn Sie die Genehmigung erhalten, wird Ihre R\u00fcckerstattung bearbeitet und eine Gutschrift auf Ihre Kreditkarte oder Ihre urspr\u00fcngliche Zahlungsmethode wird automatisch innerhalb einer bestimmten Anzahl von Tagen vorgenommen.<\/p>\r\n\r\n\r\n\r\n<p><b>Late or missing refunds<\/b><\/p>\r\n\r\n\r\n\r\n<p>Wenn Sie noch keine R\u00fcckerstattung erhalten haben, \u00fcberpr\u00fcfen Sie zun\u00e4chst noch einmal Ihr Bankkonto.<\/p>\r\n\r\n\r\n\r\n<p>Wenden Sie sich dann an Ihr Kreditkartenunternehmen. Es kann einige Zeit dauern, bis Ihre Erstattung offiziell verbucht wird.<\/p>\r\n\r\n\r\n\r\n<p>Wenden Sie sich dann an Ihre Bank. Es dauert oft eine gewisse Zeit, bis eine Erstattung gebucht wird.<\/p>\r\n\r\n\r\n\r\n<p>Wenn Sie all dies getan haben und Ihre R\u00fcckerstattung immer noch nicht erhalten haben, kontaktieren Sie uns bitte unter {E-Mail-Adresse}.<\/p>\r\n\r\n\r\n\r\n<p><b>Sale items<\/b><\/p>\r\n\r\n\r\n\r\n<p>Nur Artikel zum regul\u00e4ren Preis k\u00f6nnen erstattet werden. Ausverkaufsartikel k\u00f6nnen nicht zur\u00fcckerstattet werden.<\/p>\r\n\r\n\r\n\r\n<h2>Tauschen Sie<\/h2>\r\n\r\n\r\n\r\n<p>Wir ersetzen Artikel nur, wenn sie defekt oder besch\u00e4digt sind. Wenn Sie den Artikel umtauschen m\u00f6chten, senden Sie uns eine E-Mail an {E-Mail-Adresse} und schicken Sie den Artikel an {Physikalische Adresse}: {Physikalische Adresse}.<\/p>\r\n\r\n\r\n\r\n<h2>Geschenke<\/h2>\r\n\r\n\r\n\r\n<p>Wenn der Artikel beim Kauf als Geschenk gekennzeichnet und direkt an Sie versandt wurde, erhalten Sie eine Geschenkgutschrift in H\u00f6he des Wertes Ihrer R\u00fccksendung. Sobald der zur\u00fcckgesendete Artikel eingegangen ist, wird Ihnen ein Geschenkgutschein zugeschickt.<\/p>\r\n\r\n\r\n\r\n<p>Wenn der Artikel beim Kauf nicht als Geschenk gekennzeichnet war oder der Schenkende die Bestellung an sich selbst geschickt hat, um sie Ihnen sp\u00e4ter zu schenken, senden wir eine R\u00fcckerstattung an den Schenkenden und er wird von Ihrer R\u00fcckgabe erfahren.<\/p>\r\n\r\n\r\n\r\n<h2>R\u00fccksendungen<\/h2>\r\n\r\n\r\n\r\n<p>Um Ihr Produkt zur\u00fcckzusenden, schicken Sie es bitte an: {Physikalische Adresse}.<\/p>\r\n\r\n\r\n\r\n<p>Sie m\u00fcssen die Versandkosten f\u00fcr die R\u00fccksendung Ihres Artikels selbst tragen. Die Versandkosten sind nicht erstattungsf\u00e4hig. Wenn Sie eine R\u00fcckerstattung erhalten, werden die Kosten f\u00fcr den R\u00fcckversand von Ihrer R\u00fcckerstattung abgezogen.<\/p>\r\n\r\n\r\n\r\n<p>Je nachdem, wo Sie wohnen, kann es unterschiedlich lange dauern, bis Ihr ausgetauschtes Produkt bei Ihnen eintrifft.<\/p>\r\n\r\n\r\n\r\n<p>Wenn Sie teurere Artikel zur\u00fcckschicken, sollten Sie einen verfolgbaren Versanddienst nutzen oder eine Versandversicherung abschlie\u00dfen. Wir garantieren nicht, dass wir Ihren zur\u00fcckgesendeten Artikel erhalten.<\/p>\r\n\r\n\r\n\r\n<h2>Brauchen Sie Hilfe?<\/h2>\r\n\r\n\r\n\r\n<p>Wenden Sie sich bei Fragen zu Erstattungen und R\u00fcckgaben an {email}.<\/p>\r\n","protected":false},"excerpt":{"rendered":"<p>Dies ist eine Beispielseite. Overview Unsere Erstattungs- und R\u00fcckgabebestimmungen gelten f\u00fcr 30 Tage. Wenn seit Ihrem Kauf 30 Tage vergangen sind, k\u00f6nnen wir Ihnen keine volle R\u00fcckerstattung oder keinen Umtausch anbieten. Um f\u00fcr eine R\u00fcckgabe in Frage zu kommen, muss Ihr Artikel unbenutzt sein und sich in demselben Zustand befinden, in dem Sie ihn erhalten haben. Au\u00dferdem muss er in der Originalverpackung sein. Einige Arten von Waren sind von der R\u00fcckgabe ausgenommen. Verderbliche Waren wie Lebensmittel, Blumen, Zeitungen oder Zeitschriften k\u00f6nnen nicht zur\u00fcckgegeben werden. Wir nehmen auch keine Produkte an, bei denen es sich um Intim- oder Hygieneartikel, Gefahrgut oder brennbare Fl\u00fcssigkeiten oder Gase handelt. Zus\u00e4tzliche Artikel, die nicht zur\u00fcckgegeben werden k\u00f6nnen: Geschenkkarten Herunterladbare Software-Produkte Einige Artikel zur Gesundheits- und K\u00f6rperpflege Um Ihre R\u00fcckgabe abzuschlie\u00dfen, ben\u00f6tigen wir eine Quittung oder einen Kaufbeleg. Bitte schicken Sie Ihren Kauf nicht an den Hersteller zur\u00fcck. Es gibt bestimmte Situationen, in denen nur Teilerstattungen gew\u00e4hrt werden: Buch mit deutlichen Gebrauchsspuren CD, DVD, VHS-Kassette, Software, Videospiel, Kassette oder Schallplatte, die ge\u00f6ffnet wurde. Jeder Artikel, der sich nicht im Originalzustand befindet, besch\u00e4digt ist oder dem Teile fehlen, die nicht auf unseren Fehler zur\u00fcckzuf\u00fchren sind. Jeder Artikel, der mehr als 30 Tage nach der Lieferung zur\u00fcckgegeben wird &hellip;<\/p>\n","protected":false},"author":1,"featured_media":0,"parent":0,"menu_order":0,"comment_status":"closed","ping_status":"closed","template":"","meta":{"footnotes":""},"coauthors":[26],"class_list":["post-11136","page","type-page","status-publish","hentry"],"acf":[],"yoast_head":"<!-- This site is optimized with the Yoast SEO plugin v26.8 - https:\/\/yoast.com\/product\/yoast-seo-wordpress\/ -->\n<title>R\u00fcckerstattung und R\u00fcckgabebedingungen - B-Markify<\/title>\n<meta name=\"robots\" content=\"index, follow, max-snippet:-1, max-image-preview:large, max-video-preview:-1\" \/>\n<link rel=\"canonical\" href=\"https:\/\/bmarkify.com\/de\/refund_returns-2\/\" \/>\n<meta property=\"og:locale\" content=\"de_DE\" \/>\n<meta property=\"og:type\" content=\"article\" \/>\n<meta property=\"og:title\" content=\"R\u00fcckerstattung und R\u00fcckgabebedingungen - B-Markify\" \/>\n<meta property=\"og:description\" content=\"Dies ist eine Beispielseite. Overview Unsere Erstattungs- und R\u00fcckgabebestimmungen gelten f\u00fcr 30 Tage. Wenn seit Ihrem Kauf 30 Tage vergangen sind, k\u00f6nnen wir Ihnen keine volle R\u00fcckerstattung oder keinen Umtausch anbieten. Um f\u00fcr eine R\u00fcckgabe in Frage zu kommen, muss Ihr Artikel unbenutzt sein und sich in demselben Zustand befinden, in dem Sie ihn erhalten haben. Au\u00dferdem muss er in der Originalverpackung sein. Einige Arten von Waren sind von der R\u00fcckgabe ausgenommen. Verderbliche Waren wie Lebensmittel, Blumen, Zeitungen oder Zeitschriften k\u00f6nnen nicht zur\u00fcckgegeben werden. Wir nehmen auch keine Produkte an, bei denen es sich um Intim- oder Hygieneartikel, Gefahrgut oder brennbare Fl\u00fcssigkeiten oder Gase handelt. Zus\u00e4tzliche Artikel, die nicht zur\u00fcckgegeben werden k\u00f6nnen: Geschenkkarten Herunterladbare Software-Produkte Einige Artikel zur Gesundheits- und K\u00f6rperpflege Um Ihre R\u00fcckgabe abzuschlie\u00dfen, ben\u00f6tigen wir eine Quittung oder einen Kaufbeleg. Bitte schicken Sie Ihren Kauf nicht an den Hersteller zur\u00fcck. Es gibt bestimmte Situationen, in denen nur Teilerstattungen gew\u00e4hrt werden: Buch mit deutlichen Gebrauchsspuren CD, DVD, VHS-Kassette, Software, Videospiel, Kassette oder Schallplatte, die ge\u00f6ffnet wurde. Jeder Artikel, der sich nicht im Originalzustand befindet, besch\u00e4digt ist oder dem Teile fehlen, die nicht auf unseren Fehler zur\u00fcckzuf\u00fchren sind. Jeder Artikel, der mehr als 30 Tage nach der Lieferung zur\u00fcckgegeben wird &hellip;\" \/>\n<meta property=\"og:url\" content=\"https:\/\/bmarkify.com\/de\/refund_returns-2\/\" \/>\n<meta property=\"og:site_name\" content=\"B-Markify\" \/>\n<meta property=\"article:modified_time\" content=\"2025-02-08T08:47:37+00:00\" \/>\n<meta name=\"twitter:card\" content=\"summary_large_image\" \/>\n<meta name=\"twitter:label1\" content=\"Gesch\u00e4tzte Lesezeit\" \/>\n\t<meta name=\"twitter:data1\" content=\"3\u00a0Minuten\" \/>\n\t<meta name=\"twitter:label2\" content=\"Written by\" \/>\n\t<meta name=\"twitter:data2\" content=\"USPL\" \/>\n<script type=\"application\/ld+json\" class=\"yoast-schema-graph\">{\"@context\":\"https:\/\/schema.org\",\"@graph\":[{\"@type\":\"WebPage\",\"@id\":\"https:\/\/bmarkify.com\/de\/refund_returns-2\/\",\"url\":\"https:\/\/bmarkify.com\/de\/refund_returns-2\/\",\"name\":\"R\u00fcckerstattung und R\u00fcckgabebedingungen - B-Markify\",\"isPartOf\":{\"@id\":\"https:\/\/bmarkify.com\/de\/#website\"},\"datePublished\":\"2024-01-08T10:19:01+00:00\",\"dateModified\":\"2025-02-08T08:47:37+00:00\",\"breadcrumb\":{\"@id\":\"https:\/\/bmarkify.com\/de\/refund_returns-2\/#breadcrumb\"},\"inLanguage\":\"de\",\"potentialAction\":[{\"@type\":\"ReadAction\",\"target\":[\"https:\/\/bmarkify.com\/de\/refund_returns-2\/\"]}]},{\"@type\":\"BreadcrumbList\",\"@id\":\"https:\/\/bmarkify.com\/de\/refund_returns-2\/#breadcrumb\",\"itemListElement\":[{\"@type\":\"ListItem\",\"position\":1,\"name\":\"Home\",\"item\":\"https:\/\/bmarkify.com\/de\/\"},{\"@type\":\"ListItem\",\"position\":2,\"name\":\"R\u00fcckerstattung und R\u00fcckgabebedingungen\"}]},{\"@type\":\"WebSite\",\"@id\":\"https:\/\/bmarkify.com\/de\/#website\",\"url\":\"https:\/\/bmarkify.com\/de\/\",\"name\":\"B-Markify\",\"description\":\"\",\"publisher\":{\"@id\":\"https:\/\/bmarkify.com\/de\/#organization\"},\"potentialAction\":[{\"@type\":\"SearchAction\",\"target\":{\"@type\":\"EntryPoint\",\"urlTemplate\":\"https:\/\/bmarkify.com\/de\/?s={search_term_string}\"},\"query-input\":{\"@type\":\"PropertyValueSpecification\",\"valueRequired\":true,\"valueName\":\"search_term_string\"}}],\"inLanguage\":\"de\"},{\"@type\":\"Organization\",\"@id\":\"https:\/\/bmarkify.com\/de\/#organization\",\"name\":\"Upbrighter IT Services Pvt. Ltd.\",\"url\":\"https:\/\/bmarkify.com\/de\/\",\"logo\":{\"@type\":\"ImageObject\",\"inLanguage\":\"de\",\"@id\":\"https:\/\/bmarkify.com\/de\/#\/schema\/logo\/image\/\",\"url\":\"https:\/\/bmarkify.com\/wp-content\/uploads\/2024\/01\/Full-Logo-1.png\",\"contentUrl\":\"https:\/\/bmarkify.com\/wp-content\/uploads\/2024\/01\/Full-Logo-1.png\",\"width\":2000,\"height\":1333,\"caption\":\"Upbrighter IT Services Pvt. Ltd.\"},\"image\":{\"@id\":\"https:\/\/bmarkify.com\/de\/#\/schema\/logo\/image\/\"}}]}<\/script>\n<!-- \/ Yoast SEO plugin. -->","yoast_head_json":{"title":"R\u00fcckerstattung und R\u00fcckgabebedingungen - B-Markify","robots":{"index":"index","follow":"follow","max-snippet":"max-snippet:-1","max-image-preview":"max-image-preview:large","max-video-preview":"max-video-preview:-1"},"canonical":"https:\/\/bmarkify.com\/de\/refund_returns-2\/","og_locale":"de_DE","og_type":"article","og_title":"R\u00fcckerstattung und R\u00fcckgabebedingungen - B-Markify","og_description":"Dies ist eine Beispielseite. Overview Unsere Erstattungs- und R\u00fcckgabebestimmungen gelten f\u00fcr 30 Tage. Wenn seit Ihrem Kauf 30 Tage vergangen sind, k\u00f6nnen wir Ihnen keine volle R\u00fcckerstattung oder keinen Umtausch anbieten. Um f\u00fcr eine R\u00fcckgabe in Frage zu kommen, muss Ihr Artikel unbenutzt sein und sich in demselben Zustand befinden, in dem Sie ihn erhalten haben. Au\u00dferdem muss er in der Originalverpackung sein. Einige Arten von Waren sind von der R\u00fcckgabe ausgenommen. Verderbliche Waren wie Lebensmittel, Blumen, Zeitungen oder Zeitschriften k\u00f6nnen nicht zur\u00fcckgegeben werden. Wir nehmen auch keine Produkte an, bei denen es sich um Intim- oder Hygieneartikel, Gefahrgut oder brennbare Fl\u00fcssigkeiten oder Gase handelt. Zus\u00e4tzliche Artikel, die nicht zur\u00fcckgegeben werden k\u00f6nnen: Geschenkkarten Herunterladbare Software-Produkte Einige Artikel zur Gesundheits- und K\u00f6rperpflege Um Ihre R\u00fcckgabe abzuschlie\u00dfen, ben\u00f6tigen wir eine Quittung oder einen Kaufbeleg. Bitte schicken Sie Ihren Kauf nicht an den Hersteller zur\u00fcck. Es gibt bestimmte Situationen, in denen nur Teilerstattungen gew\u00e4hrt werden: Buch mit deutlichen Gebrauchsspuren CD, DVD, VHS-Kassette, Software, Videospiel, Kassette oder Schallplatte, die ge\u00f6ffnet wurde. Jeder Artikel, der sich nicht im Originalzustand befindet, besch\u00e4digt ist oder dem Teile fehlen, die nicht auf unseren Fehler zur\u00fcckzuf\u00fchren sind. Jeder Artikel, der mehr als 30 Tage nach der Lieferung zur\u00fcckgegeben wird &hellip;","og_url":"https:\/\/bmarkify.com\/de\/refund_returns-2\/","og_site_name":"B-Markify","article_modified_time":"2025-02-08T08:47:37+00:00","twitter_card":"summary_large_image","twitter_misc":{"Gesch\u00e4tzte Lesezeit":"3\u00a0Minuten","Written by":"USPL"},"schema":{"@context":"https:\/\/schema.org","@graph":[{"@type":"WebPage","@id":"https:\/\/bmarkify.com\/de\/refund_returns-2\/","url":"https:\/\/bmarkify.com\/de\/refund_returns-2\/","name":"R\u00fcckerstattung und R\u00fcckgabebedingungen - B-Markify","isPartOf":{"@id":"https:\/\/bmarkify.com\/de\/#website"},"datePublished":"2024-01-08T10:19:01+00:00","dateModified":"2025-02-08T08:47:37+00:00","breadcrumb":{"@id":"https:\/\/bmarkify.com\/de\/refund_returns-2\/#breadcrumb"},"inLanguage":"de","potentialAction":[{"@type":"ReadAction","target":["https:\/\/bmarkify.com\/de\/refund_returns-2\/"]}]},{"@type":"BreadcrumbList","@id":"https:\/\/bmarkify.com\/de\/refund_returns-2\/#breadcrumb","itemListElement":[{"@type":"ListItem","position":1,"name":"Home","item":"https:\/\/bmarkify.com\/de\/"},{"@type":"ListItem","position":2,"name":"R\u00fcckerstattung und R\u00fcckgabebedingungen"}]},{"@type":"WebSite","@id":"https:\/\/bmarkify.com\/de\/#website","url":"https:\/\/bmarkify.com\/de\/","name":"B-Markify","description":"","publisher":{"@id":"https:\/\/bmarkify.com\/de\/#organization"},"potentialAction":[{"@type":"SearchAction","target":{"@type":"EntryPoint","urlTemplate":"https:\/\/bmarkify.com\/de\/?s={search_term_string}"},"query-input":{"@type":"PropertyValueSpecification","valueRequired":true,"valueName":"search_term_string"}}],"inLanguage":"de"},{"@type":"Organization","@id":"https:\/\/bmarkify.com\/de\/#organization","name":"Upbrighter IT Services Pvt. Ltd.","url":"https:\/\/bmarkify.com\/de\/","logo":{"@type":"ImageObject","inLanguage":"de","@id":"https:\/\/bmarkify.com\/de\/#\/schema\/logo\/image\/","url":"https:\/\/bmarkify.com\/wp-content\/uploads\/2024\/01\/Full-Logo-1.png","contentUrl":"https:\/\/bmarkify.com\/wp-content\/uploads\/2024\/01\/Full-Logo-1.png","width":2000,"height":1333,"caption":"Upbrighter IT Services Pvt. Ltd."},"image":{"@id":"https:\/\/bmarkify.com\/de\/#\/schema\/logo\/image\/"}}]}},"_links":{"self":[{"href":"https:\/\/bmarkify.com\/de\/wp-json\/wp\/v2\/pages\/11136","targetHints":{"allow":["GET"]}}],"collection":[{"href":"https:\/\/bmarkify.com\/de\/wp-json\/wp\/v2\/pages"}],"about":[{"href":"https:\/\/bmarkify.com\/de\/wp-json\/wp\/v2\/types\/page"}],"author":[{"embeddable":true,"href":"https:\/\/bmarkify.com\/de\/wp-json\/wp\/v2\/users\/1"}],"replies":[{"embeddable":true,"href":"https:\/\/bmarkify.com\/de\/wp-json\/wp\/v2\/comments?post=11136"}],"version-history":[{"count":2,"href":"https:\/\/bmarkify.com\/de\/wp-json\/wp\/v2\/pages\/11136\/revisions"}],"predecessor-version":[{"id":13115,"href":"https:\/\/bmarkify.com\/de\/wp-json\/wp\/v2\/pages\/11136\/revisions\/13115"}],"wp:attachment":[{"href":"https:\/\/bmarkify.com\/de\/wp-json\/wp\/v2\/media?parent=11136"}],"wp:term":[{"taxonomy":"author","embeddable":true,"href":"https:\/\/bmarkify.com\/de\/wp-json\/wp\/v2\/coauthors?post=11136"}],"curies":[{"name":"wp","href":"https:\/\/api.w.org\/{rel}","templated":true}]}}