{"id":10971,"date":"2024-01-08T11:09:01","date_gmt":"2024-01-08T11:09:01","guid":{"rendered":"https:\/\/bmarkify.com\/kontakt-us\/"},"modified":"2024-10-24T12:42:14","modified_gmt":"2024-10-24T11:42:14","slug":"contact-us","status":"publish","type":"page","link":"https:\/\/bmarkify.com\/de\/contact-us\/","title":{"rendered":"Kontakt US"},"content":{"rendered":"<div class=\"wp-block-image\">\n<figure class=\"alignleft size-thumbnail\"><img decoding=\"async\" width=\"200\" height=\"133\" src=\"https:\/\/bmarkify.com\/wp-content\/uploads\/2024\/02\/melinda-gimpel-5Ne6mMQtIdo-unsplash-200x133.jpg\" alt=\"\" class=\"wp-image-5677\" srcset=\"https:\/\/bmarkify.com\/wp-content\/uploads\/2024\/02\/melinda-gimpel-5Ne6mMQtIdo-unsplash-200x133.jpg 200w, https:\/\/bmarkify.com\/wp-content\/uploads\/2024\/02\/melinda-gimpel-5Ne6mMQtIdo-unsplash-300x200.jpg 300w, https:\/\/bmarkify.com\/wp-content\/uploads\/2024\/02\/melinda-gimpel-5Ne6mMQtIdo-unsplash-1024x683.jpg 1024w, https:\/\/bmarkify.com\/wp-content\/uploads\/2024\/02\/melinda-gimpel-5Ne6mMQtIdo-unsplash-768x512.jpg 768w, https:\/\/bmarkify.com\/wp-content\/uploads\/2024\/02\/melinda-gimpel-5Ne6mMQtIdo-unsplash-1536x1024.jpg 1536w, https:\/\/bmarkify.com\/wp-content\/uploads\/2024\/02\/melinda-gimpel-5Ne6mMQtIdo-unsplash-480x320.jpg 480w\" sizes=\"(max-width: 200px) 100vw, 200px\" \/><\/figure><\/div>\n<p>Willkommen bei bmarkify.com! Wir freuen uns \u00fcber Ihr Interesse, uns zu kontaktieren. Ob Sie nun Feedback, Fragen oder Vorschl\u00e4ge haben, wir haben ein offenes Ohr f\u00fcr Sie. Es ist ganz einfach, uns zu kontaktieren &#8211; verwenden Sie einfach die unten stehenden Angaben. F\u00fcr allgemeine Anfragen, Gastbeitr\u00e4ge oder Bedenken bez\u00fcglich unserer Inhalte senden Sie uns bitte eine E-Mail an <a>info@upbrighterservices.com<\/a> oder f\u00fcllen Sie das untenstehende Formular aus. Wenn Sie sich f\u00fcr Werbem\u00f6glichkeiten, Sponsoring oder Partnerschaftsanfragen interessieren, sind Sie hier genau richtig.     <\/p>\n\n<p>Ihre Meinung ist uns wichtig, und wir bem\u00fchen uns, umgehend zu antworten. Vielen Dank, dass Sie ein Teil von bmarkify.com sind! <\/p>\n<style id=\"wpforms-css-vars-5224-block-af0a9650-e393-49d2-a0f8-a9da6760d12d\">\n\t\t\t\t#wpforms-5224.wpforms-block-af0a9650-e393-49d2-a0f8-a9da6760d12d {\n\t\t\t\t--wpforms-field-border-radius: 5px;\n--wpforms-field-size-input-height: 31px;\n--wpforms-field-size-input-spacing: 10px;\n--wpforms-field-size-font-size: 14px;\n--wpforms-field-size-line-height: 17px;\n--wpforms-field-size-padding-h: 9px;\n--wpforms-field-size-checkbox-size: 14px;\n--wpforms-field-size-sublabel-spacing: 5px;\n--wpforms-field-size-icon-size: 0.75;\n--wpforms-button-size-font-size: 14px;\n--wpforms-button-size-height: 37px;\n--wpforms-button-size-padding-h: 15px;\n--wpforms-button-size-margin-top: 5px;\n\n\t\t\t}\n\t\t\t<\/style><div class=\"wpforms-container wpforms-container-full wpforms-block wpforms-block-af0a9650-e393-49d2-a0f8-a9da6760d12d wpforms-render-modern\" id=\"wpforms-5224\"><form id=\"wpforms-form-5224\" class=\"wpforms-validate wpforms-form wpforms-ajax-form\" data-formid=\"5224\" method=\"post\" enctype=\"multipart\/form-data\" action=\"\/de\/wp-json\/wp\/v2\/pages\/10971\" data-token=\"c348d9216c844c5c611be55a1d821cd9\" data-token-time=\"1776467862\"><div class=\"wpforms-head-container\"><div class=\"wpforms-title\">Contact Us<\/div><\/div><noscript class=\"wpforms-error-noscript\">Bitte aktiviere JavaScript in deinem Browser, um dieses Formular fertigzustellen.<\/noscript><div class=\"wpforms-hidden\" id=\"wpforms-error-noscript\">Bitte aktiviere JavaScript in deinem Browser, um dieses Formular fertigzustellen.<\/div><div class=\"wpforms-field-container\"><div id=\"wpforms-5224-field_0-container\" class=\"wpforms-field wpforms-field-name\" data-field-id=\"0\"><fieldset><legend class=\"wpforms-field-label\">Name <span class=\"wpforms-required-label\" aria-hidden=\"true\">*<\/span><\/legend><div class=\"wpforms-field-row wpforms-field-large\"><div class=\"wpforms-field-row-block wpforms-first wpforms-one-half\"><input type=\"text\" id=\"wpforms-5224-field_0\" class=\"wpforms-field-name-first wpforms-field-required\" name=\"wpforms[fields][0][first]\" aria-errormessage=\"wpforms-5224-field_0-error\" required><label for=\"wpforms-5224-field_0\" class=\"wpforms-field-sublabel after\">Vorname<\/label><\/div><div class=\"wpforms-field-row-block wpforms-one-half\"><input type=\"text\" id=\"wpforms-5224-field_0-last\" class=\"wpforms-field-name-last wpforms-field-required\" name=\"wpforms[fields][0][last]\" aria-errormessage=\"wpforms-5224-field_0-last-error\" required><label for=\"wpforms-5224-field_0-last\" class=\"wpforms-field-sublabel after\">Nachname<\/label><\/div><\/div><\/fieldset><\/div><div id=\"wpforms-5224-field_1-container\" class=\"wpforms-field wpforms-field-email\" data-field-id=\"1\"><label class=\"wpforms-field-label\" for=\"wpforms-5224-field_1\">Email <span class=\"wpforms-required-label\" aria-hidden=\"true\">*<\/span><\/label><input type=\"email\" id=\"wpforms-5224-field_1\" class=\"wpforms-field-large wpforms-field-required\" name=\"wpforms[fields][1]\" spellcheck=\"false\" aria-errormessage=\"wpforms-5224-field_1-error\" required><\/div><div id=\"wpforms-5224-field_2-container\" class=\"wpforms-field wpforms-field-textarea width 500px height 121px\" data-field-id=\"2\"><label class=\"wpforms-field-label\" for=\"wpforms-5224-field_2\">Message <span class=\"wpforms-required-label\" aria-hidden=\"true\">*<\/span><\/label><textarea id=\"wpforms-5224-field_2\" class=\"wpforms-field-medium wpforms-field-required\" name=\"wpforms[fields][2]\" aria-errormessage=\"wpforms-5224-field_2-error\" required><\/textarea><\/div><\/div><!-- .wpforms-field-container --><div class=\"wpforms-submit-container\" ><input type=\"hidden\" name=\"wpforms[id]\" value=\"5224\"><input type=\"hidden\" name=\"page_title\" value=\"\"><input type=\"hidden\" name=\"page_url\" value=\"https:\/\/bmarkify.com\/de\/wp-json\/wp\/v2\/pages\/10971\"><button type=\"submit\" name=\"wpforms[submit]\" id=\"wpforms-submit-5224\" class=\"wpforms-submit\" data-alt-text=\"Sending\u2026\" data-submit-text=\"Submit\" aria-live=\"assertive\" value=\"wpforms-submit\">Submit<\/button><img decoding=\"async\" src=\"https:\/\/bmarkify.com\/wp-content\/plugins\/wpforms-lite\/assets\/images\/submit-spin.svg\" class=\"wpforms-submit-spinner\" style=\"display: none;\" width=\"26\" height=\"26\" alt=\"Wird geladen\"><\/div><\/form><\/div>  <!-- .wpforms-container -->\n<p><\/p>\n","protected":false},"excerpt":{"rendered":"<p>Willkommen bei bmarkify.com! Wir freuen uns \u00fcber Ihr Interesse, uns zu kontaktieren. Ob Sie nun Feedback, Fragen oder Vorschl\u00e4ge haben, wir haben ein offenes Ohr f\u00fcr Sie. Es ist ganz einfach, uns zu kontaktieren &#8211; verwenden Sie einfach die unten stehenden Angaben. F\u00fcr allgemeine Anfragen, Gastbeitr\u00e4ge oder Bedenken bez\u00fcglich unserer Inhalte senden Sie uns bitte eine E-Mail an info@upbrighterservices.com oder f\u00fcllen Sie das untenstehende Formular aus. Wenn Sie sich f\u00fcr Werbem\u00f6glichkeiten, Sponsoring oder Partnerschaftsanfragen interessieren, sind Sie hier genau richtig. Ihre Meinung ist uns wichtig, und wir bem\u00fchen uns, umgehend zu antworten. Vielen Dank, dass Sie ein Teil von bmarkify.com sind!<\/p>\n","protected":false},"author":1,"featured_media":0,"parent":0,"menu_order":0,"comment_status":"closed","ping_status":"closed","template":"","meta":{"footnotes":""},"coauthors":[26],"class_list":["post-10971","page","type-page","status-publish","hentry"],"acf":[],"yoast_head":"<!-- This site is optimized with the Yoast SEO plugin v26.8 - https:\/\/yoast.com\/product\/yoast-seo-wordpress\/ -->\n<title>Kontakt US - B-Markify<\/title>\n<meta name=\"robots\" content=\"index, follow, max-snippet:-1, max-image-preview:large, max-video-preview:-1\" \/>\n<link rel=\"canonical\" href=\"https:\/\/bmarkify.com\/de\/contact-us\/\" \/>\n<meta property=\"og:locale\" content=\"de_DE\" \/>\n<meta property=\"og:type\" content=\"article\" \/>\n<meta property=\"og:title\" content=\"Kontakt US - B-Markify\" \/>\n<meta property=\"og:description\" content=\"Willkommen bei bmarkify.com! Wir freuen uns \u00fcber Ihr Interesse, uns zu kontaktieren. Ob Sie nun Feedback, Fragen oder Vorschl\u00e4ge haben, wir haben ein offenes Ohr f\u00fcr Sie. Es ist ganz einfach, uns zu kontaktieren &#8211; verwenden Sie einfach die unten stehenden Angaben. F\u00fcr allgemeine Anfragen, Gastbeitr\u00e4ge oder Bedenken bez\u00fcglich unserer Inhalte senden Sie uns bitte eine E-Mail an info@upbrighterservices.com oder f\u00fcllen Sie das untenstehende Formular aus. Wenn Sie sich f\u00fcr Werbem\u00f6glichkeiten, Sponsoring oder Partnerschaftsanfragen interessieren, sind Sie hier genau richtig. Ihre Meinung ist uns wichtig, und wir bem\u00fchen uns, umgehend zu antworten. Vielen Dank, dass Sie ein Teil von bmarkify.com sind!\" \/>\n<meta property=\"og:url\" content=\"https:\/\/bmarkify.com\/de\/contact-us\/\" \/>\n<meta property=\"og:site_name\" content=\"B-Markify\" \/>\n<meta property=\"article:modified_time\" content=\"2024-10-24T11:42:14+00:00\" \/>\n<meta property=\"og:image\" content=\"https:\/\/bmarkify.com\/wp-content\/uploads\/2024\/02\/melinda-gimpel-5Ne6mMQtIdo-unsplash-200x133.jpg\" \/>\n<meta name=\"twitter:card\" content=\"summary_large_image\" \/>\n<meta name=\"twitter:label1\" content=\"Gesch\u00e4tzte Lesezeit\" \/>\n\t<meta name=\"twitter:data1\" content=\"1\u00a0Minute\" \/>\n\t<meta name=\"twitter:label2\" content=\"Written by\" \/>\n\t<meta name=\"twitter:data2\" content=\"USPL\" \/>\n<script type=\"application\/ld+json\" class=\"yoast-schema-graph\">{\"@context\":\"https:\/\/schema.org\",\"@graph\":[{\"@type\":\"WebPage\",\"@id\":\"https:\/\/bmarkify.com\/de\/contact-us\/\",\"url\":\"https:\/\/bmarkify.com\/de\/contact-us\/\",\"name\":\"Kontakt US - B-Markify\",\"isPartOf\":{\"@id\":\"https:\/\/bmarkify.com\/de\/#website\"},\"primaryImageOfPage\":{\"@id\":\"https:\/\/bmarkify.com\/de\/contact-us\/#primaryimage\"},\"image\":{\"@id\":\"https:\/\/bmarkify.com\/de\/contact-us\/#primaryimage\"},\"thumbnailUrl\":\"https:\/\/bmarkify.com\/wp-content\/uploads\/2024\/02\/melinda-gimpel-5Ne6mMQtIdo-unsplash-200x133.jpg\",\"datePublished\":\"2024-01-08T11:09:01+00:00\",\"dateModified\":\"2024-10-24T11:42:14+00:00\",\"breadcrumb\":{\"@id\":\"https:\/\/bmarkify.com\/de\/contact-us\/#breadcrumb\"},\"inLanguage\":\"de\",\"potentialAction\":[{\"@type\":\"ReadAction\",\"target\":[\"https:\/\/bmarkify.com\/de\/contact-us\/\"]}]},{\"@type\":\"ImageObject\",\"inLanguage\":\"de\",\"@id\":\"https:\/\/bmarkify.com\/de\/contact-us\/#primaryimage\",\"url\":\"https:\/\/bmarkify.com\/wp-content\/uploads\/2024\/02\/melinda-gimpel-5Ne6mMQtIdo-unsplash-200x133.jpg\",\"contentUrl\":\"https:\/\/bmarkify.com\/wp-content\/uploads\/2024\/02\/melinda-gimpel-5Ne6mMQtIdo-unsplash-200x133.jpg\"},{\"@type\":\"BreadcrumbList\",\"@id\":\"https:\/\/bmarkify.com\/de\/contact-us\/#breadcrumb\",\"itemListElement\":[{\"@type\":\"ListItem\",\"position\":1,\"name\":\"Home\",\"item\":\"https:\/\/bmarkify.com\/de\/\"},{\"@type\":\"ListItem\",\"position\":2,\"name\":\"Kontakt US\"}]},{\"@type\":\"WebSite\",\"@id\":\"https:\/\/bmarkify.com\/de\/#website\",\"url\":\"https:\/\/bmarkify.com\/de\/\",\"name\":\"B-Markify\",\"description\":\"\",\"publisher\":{\"@id\":\"https:\/\/bmarkify.com\/de\/#organization\"},\"potentialAction\":[{\"@type\":\"SearchAction\",\"target\":{\"@type\":\"EntryPoint\",\"urlTemplate\":\"https:\/\/bmarkify.com\/de\/?s={search_term_string}\"},\"query-input\":{\"@type\":\"PropertyValueSpecification\",\"valueRequired\":true,\"valueName\":\"search_term_string\"}}],\"inLanguage\":\"de\"},{\"@type\":\"Organization\",\"@id\":\"https:\/\/bmarkify.com\/de\/#organization\",\"name\":\"Upbrighter IT Services Pvt. Ltd.\",\"url\":\"https:\/\/bmarkify.com\/de\/\",\"logo\":{\"@type\":\"ImageObject\",\"inLanguage\":\"de\",\"@id\":\"https:\/\/bmarkify.com\/de\/#\/schema\/logo\/image\/\",\"url\":\"https:\/\/bmarkify.com\/wp-content\/uploads\/2024\/01\/Full-Logo-1.png\",\"contentUrl\":\"https:\/\/bmarkify.com\/wp-content\/uploads\/2024\/01\/Full-Logo-1.png\",\"width\":2000,\"height\":1333,\"caption\":\"Upbrighter IT Services Pvt. Ltd.\"},\"image\":{\"@id\":\"https:\/\/bmarkify.com\/de\/#\/schema\/logo\/image\/\"}}]}<\/script>\n<!-- \/ Yoast SEO plugin. -->","yoast_head_json":{"title":"Kontakt US - B-Markify","robots":{"index":"index","follow":"follow","max-snippet":"max-snippet:-1","max-image-preview":"max-image-preview:large","max-video-preview":"max-video-preview:-1"},"canonical":"https:\/\/bmarkify.com\/de\/contact-us\/","og_locale":"de_DE","og_type":"article","og_title":"Kontakt US - B-Markify","og_description":"Willkommen bei bmarkify.com! Wir freuen uns \u00fcber Ihr Interesse, uns zu kontaktieren. Ob Sie nun Feedback, Fragen oder Vorschl\u00e4ge haben, wir haben ein offenes Ohr f\u00fcr Sie. Es ist ganz einfach, uns zu kontaktieren &#8211; verwenden Sie einfach die unten stehenden Angaben. F\u00fcr allgemeine Anfragen, Gastbeitr\u00e4ge oder Bedenken bez\u00fcglich unserer Inhalte senden Sie uns bitte eine E-Mail an info@upbrighterservices.com oder f\u00fcllen Sie das untenstehende Formular aus. Wenn Sie sich f\u00fcr Werbem\u00f6glichkeiten, Sponsoring oder Partnerschaftsanfragen interessieren, sind Sie hier genau richtig. Ihre Meinung ist uns wichtig, und wir bem\u00fchen uns, umgehend zu antworten. Vielen Dank, dass Sie ein Teil von bmarkify.com sind!","og_url":"https:\/\/bmarkify.com\/de\/contact-us\/","og_site_name":"B-Markify","article_modified_time":"2024-10-24T11:42:14+00:00","og_image":[{"url":"https:\/\/bmarkify.com\/wp-content\/uploads\/2024\/02\/melinda-gimpel-5Ne6mMQtIdo-unsplash-200x133.jpg","type":"","width":"","height":""}],"twitter_card":"summary_large_image","twitter_misc":{"Gesch\u00e4tzte Lesezeit":"1\u00a0Minute","Written by":"USPL"},"schema":{"@context":"https:\/\/schema.org","@graph":[{"@type":"WebPage","@id":"https:\/\/bmarkify.com\/de\/contact-us\/","url":"https:\/\/bmarkify.com\/de\/contact-us\/","name":"Kontakt US - B-Markify","isPartOf":{"@id":"https:\/\/bmarkify.com\/de\/#website"},"primaryImageOfPage":{"@id":"https:\/\/bmarkify.com\/de\/contact-us\/#primaryimage"},"image":{"@id":"https:\/\/bmarkify.com\/de\/contact-us\/#primaryimage"},"thumbnailUrl":"https:\/\/bmarkify.com\/wp-content\/uploads\/2024\/02\/melinda-gimpel-5Ne6mMQtIdo-unsplash-200x133.jpg","datePublished":"2024-01-08T11:09:01+00:00","dateModified":"2024-10-24T11:42:14+00:00","breadcrumb":{"@id":"https:\/\/bmarkify.com\/de\/contact-us\/#breadcrumb"},"inLanguage":"de","potentialAction":[{"@type":"ReadAction","target":["https:\/\/bmarkify.com\/de\/contact-us\/"]}]},{"@type":"ImageObject","inLanguage":"de","@id":"https:\/\/bmarkify.com\/de\/contact-us\/#primaryimage","url":"https:\/\/bmarkify.com\/wp-content\/uploads\/2024\/02\/melinda-gimpel-5Ne6mMQtIdo-unsplash-200x133.jpg","contentUrl":"https:\/\/bmarkify.com\/wp-content\/uploads\/2024\/02\/melinda-gimpel-5Ne6mMQtIdo-unsplash-200x133.jpg"},{"@type":"BreadcrumbList","@id":"https:\/\/bmarkify.com\/de\/contact-us\/#breadcrumb","itemListElement":[{"@type":"ListItem","position":1,"name":"Home","item":"https:\/\/bmarkify.com\/de\/"},{"@type":"ListItem","position":2,"name":"Kontakt US"}]},{"@type":"WebSite","@id":"https:\/\/bmarkify.com\/de\/#website","url":"https:\/\/bmarkify.com\/de\/","name":"B-Markify","description":"","publisher":{"@id":"https:\/\/bmarkify.com\/de\/#organization"},"potentialAction":[{"@type":"SearchAction","target":{"@type":"EntryPoint","urlTemplate":"https:\/\/bmarkify.com\/de\/?s={search_term_string}"},"query-input":{"@type":"PropertyValueSpecification","valueRequired":true,"valueName":"search_term_string"}}],"inLanguage":"de"},{"@type":"Organization","@id":"https:\/\/bmarkify.com\/de\/#organization","name":"Upbrighter IT Services Pvt. Ltd.","url":"https:\/\/bmarkify.com\/de\/","logo":{"@type":"ImageObject","inLanguage":"de","@id":"https:\/\/bmarkify.com\/de\/#\/schema\/logo\/image\/","url":"https:\/\/bmarkify.com\/wp-content\/uploads\/2024\/01\/Full-Logo-1.png","contentUrl":"https:\/\/bmarkify.com\/wp-content\/uploads\/2024\/01\/Full-Logo-1.png","width":2000,"height":1333,"caption":"Upbrighter IT Services Pvt. Ltd."},"image":{"@id":"https:\/\/bmarkify.com\/de\/#\/schema\/logo\/image\/"}}]}},"_links":{"self":[{"href":"https:\/\/bmarkify.com\/de\/wp-json\/wp\/v2\/pages\/10971","targetHints":{"allow":["GET"]}}],"collection":[{"href":"https:\/\/bmarkify.com\/de\/wp-json\/wp\/v2\/pages"}],"about":[{"href":"https:\/\/bmarkify.com\/de\/wp-json\/wp\/v2\/types\/page"}],"author":[{"embeddable":true,"href":"https:\/\/bmarkify.com\/de\/wp-json\/wp\/v2\/users\/1"}],"replies":[{"embeddable":true,"href":"https:\/\/bmarkify.com\/de\/wp-json\/wp\/v2\/comments?post=10971"}],"version-history":[{"count":1,"href":"https:\/\/bmarkify.com\/de\/wp-json\/wp\/v2\/pages\/10971\/revisions"}],"predecessor-version":[{"id":10973,"href":"https:\/\/bmarkify.com\/de\/wp-json\/wp\/v2\/pages\/10971\/revisions\/10973"}],"wp:attachment":[{"href":"https:\/\/bmarkify.com\/de\/wp-json\/wp\/v2\/media?parent=10971"}],"wp:term":[{"taxonomy":"author","embeddable":true,"href":"https:\/\/bmarkify.com\/de\/wp-json\/wp\/v2\/coauthors?post=10971"}],"curies":[{"name":"wp","href":"https:\/\/api.w.org\/{rel}","templated":true}]}}