{"id":10923,"date":"2024-02-26T13:14:12","date_gmt":"2024-02-26T13:14:12","guid":{"rendered":"https:\/\/bmarkify.com\/bedingungen-und-konditionen\/"},"modified":"2024-10-24T12:26:41","modified_gmt":"2024-10-24T11:26:41","slug":"terms-and-conditions","status":"publish","type":"page","link":"https:\/\/bmarkify.com\/de\/terms-and-conditions\/","title":{"rendered":"Bedingungen und Konditionen"},"content":{"rendered":"\n<h1 class=\"wp-block-heading\">Bedingungen und Konditionen<\/h1>\n\n<p>Zuletzt aktualisiert: 16 &#8211; Februar &#8211; 2024<\/p>\n\n<p>Bitte lesen Sie diese Nutzungsbedingungen sorgf\u00e4ltig durch, bevor Sie die Website bmarkify.com nutzen.<\/p>\n\n<p>Ihr Zugang zu und Ihre Nutzung des Dienstes setzt voraus, dass Sie diese Bedingungen akzeptieren und einhalten. Diese Bedingungen gelten f\u00fcr alle Besucher, Nutzer und andere, die auf den Service zugreifen oder ihn nutzen. <\/p>\n\n<p>Indem Sie auf den Service zugreifen oder ihn nutzen, erkl\u00e4ren Sie sich mit den vorliegenden Bedingungen einverstanden. Wenn Sie mit irgendeinem Teil der Bedingungen nicht einverstanden sind, d\u00fcrfen Sie den Service nicht nutzen. <\/p>\n\n<h2 class=\"wp-block-heading\">Geistiges Eigentum<\/h2>\n\n<p>Der Dienst und seine urspr\u00fcnglichen Inhalte, Merkmale und Funktionen sind und bleiben das ausschlie\u00dfliche Eigentum von bmarkify.com und seinen Lizenzgebern.<\/p>\n\n<h2 class=\"wp-block-heading\">Links zu anderen Websites<\/h2>\n\n<p>Unser Service kann Links zu Websites oder Diensten Dritter enthalten, die nicht im Besitz oder unter der Kontrolle von bmarkify.com sind.<\/p>\n\n<p>bmarkify.com hat keine Kontrolle \u00fcber den Inhalt, die Datenschutzrichtlinien oder die Praktiken von Websites oder Diensten Dritter und \u00fcbernimmt keine Verantwortung daf\u00fcr. Sie erkennen ferner an und stimmen zu, dass bmarkify.com weder direkt noch indirekt f\u00fcr Sch\u00e4den oder Verluste verantwortlich oder haftbar ist, die durch oder in Verbindung mit der Nutzung von oder dem Vertrauen auf solche Inhalte, Waren oder Dienste, die auf oder \u00fcber solche Websites oder Dienste verf\u00fcgbar sind, verursacht werden oder angeblich verursacht werden. <\/p>\n\n<p>Wir raten Ihnen dringend, die Gesch\u00e4ftsbedingungen und Datenschutzrichtlinien aller Websites oder Dienste Dritter, die Sie besuchen, zu lesen.<\/p>\n\n<h2 class=\"wp-block-heading\">Terminierung<\/h2>\n\n<p>Wir k\u00f6nnen den Zugang zu unserem Service sofort und ohne vorherige Ank\u00fcndigung oder Haftung beenden oder aussetzen, aus welchem Grund auch immer, insbesondere wenn Sie gegen die Bedingungen versto\u00dfen.<\/p>\n\n<p>Alle Bestimmungen der Bedingungen, die ihrer Natur nach die Beendigung \u00fcberdauern sollten, \u00fcberdauern die Beendigung, einschlie\u00dflich, aber nicht beschr\u00e4nkt auf Eigentumsbestimmungen, Gew\u00e4hrleistungsausschl\u00fcsse, Entsch\u00e4digungen und Haftungsbeschr\u00e4nkungen.<\/p>\n\n<h2 class=\"wp-block-heading\">Haftungsausschluss<\/h2>\n\n<p>Die Nutzung des Dienstes erfolgt auf Ihr eigenes Risiko. Der Service wird auf einer &#8222;AS IS&#8220; und &#8222;AS AVAILABLE&#8220; Basis bereitgestellt. Der Dienst wird ohne jegliche ausdr\u00fcckliche oder stillschweigende Gew\u00e4hrleistung bereitgestellt, einschlie\u00dflich, aber nicht beschr\u00e4nkt auf stillschweigende Gew\u00e4hrleistungen der Marktg\u00e4ngigkeit, der Eignung f\u00fcr einen bestimmten Zweck, der Nichtverletzung von Rechten Dritter oder des Verlaufs der Leistung.  <\/p>\n\n<h2 class=\"wp-block-heading\">Geltendes Recht<\/h2>\n\n<p>Diese Bedingungen unterliegen den Gesetzen Indiens und sind gem\u00e4\u00df diesen auszulegen, ungeachtet der Bestimmungen des Kollisionsrechts.<\/p>\n\n<p>Unser Vers\u00e4umnis, ein Recht oder eine Bestimmung dieser Bedingungen durchzusetzen, gilt nicht als Verzicht auf diese Rechte. Sollte eine Bestimmung dieser Bedingungen von einem Gericht f\u00fcr ung\u00fcltig oder nicht durchsetzbar erkl\u00e4rt werden, bleiben die \u00fcbrigen Bestimmungen dieser Bedingungen in Kraft. Diese Bedingungen stellen die gesamte Vereinbarung zwischen uns in Bezug auf unseren Service dar und ersetzen alle fr\u00fcheren Vereinbarungen zwischen uns in Bezug auf den Service.  <\/p>\n\n<h2 class=\"wp-block-heading\">\u00c4nderungen<\/h2>\n\n<p>Wir behalten uns das Recht vor, diese Bedingungen jederzeit nach unserem alleinigen Ermessen zu \u00e4ndern oder zu ersetzen. Wenn eine \u00c4nderung wesentlich ist, werden wir versuchen, Sie mindestens 30 Tage vor Inkrafttreten der neuen Bedingungen zu informieren. Was eine wesentliche \u00c4nderung ist, wird nach unserem alleinigen Ermessen festgelegt.  <\/p>\n\n<p>Indem Sie nach Inkrafttreten dieser \u00c4nderungen weiterhin auf unseren Service zugreifen oder ihn nutzen, erkl\u00e4ren Sie sich mit den \u00fcberarbeiteten Bedingungen einverstanden. Wenn Sie mit den neuen Bedingungen nicht einverstanden sind, stellen Sie bitte die Nutzung des Service ein. <\/p>\n\n<h2 class=\"wp-block-heading\">Kontaktieren Sie uns<\/h2>\n\n<p>Wenn Sie Fragen zu diesen Bedingungen haben, kontaktieren Sie uns bitte.<\/p>\n","protected":false},"excerpt":{"rendered":"<p>Bedingungen und Konditionen Zuletzt aktualisiert: 16 &#8211; Februar &#8211; 2024 Bitte lesen Sie diese Nutzungsbedingungen sorgf\u00e4ltig durch, bevor Sie die Website bmarkify.com nutzen. Ihr Zugang zu und Ihre Nutzung des Dienstes setzt voraus, dass Sie diese Bedingungen akzeptieren und einhalten. Diese Bedingungen gelten f\u00fcr alle Besucher, Nutzer und andere, die auf den Service zugreifen oder ihn nutzen. Indem Sie auf den Service zugreifen oder ihn nutzen, erkl\u00e4ren Sie sich mit den vorliegenden Bedingungen einverstanden. Wenn Sie mit irgendeinem Teil der Bedingungen nicht einverstanden sind, d\u00fcrfen Sie den Service nicht nutzen. Geistiges Eigentum Der Dienst und seine urspr\u00fcnglichen Inhalte, Merkmale und Funktionen sind und bleiben das ausschlie\u00dfliche Eigentum von bmarkify.com und seinen Lizenzgebern. Links zu anderen Websites Unser Service kann Links zu Websites oder Diensten Dritter enthalten, die nicht im Besitz oder unter der Kontrolle von bmarkify.com sind. bmarkify.com hat keine Kontrolle \u00fcber den Inhalt, die Datenschutzrichtlinien oder die Praktiken von Websites oder Diensten Dritter und \u00fcbernimmt keine Verantwortung daf\u00fcr. Sie erkennen ferner an und stimmen zu, dass bmarkify.com weder direkt noch indirekt f\u00fcr Sch\u00e4den oder Verluste verantwortlich oder haftbar ist, die durch oder in Verbindung mit der Nutzung von oder dem Vertrauen auf solche Inhalte, Waren oder Dienste, die auf &hellip;<\/p>\n","protected":false},"author":1,"featured_media":0,"parent":0,"menu_order":0,"comment_status":"closed","ping_status":"closed","template":"","meta":{"footnotes":""},"coauthors":[26],"class_list":["post-10923","page","type-page","status-publish","hentry"],"acf":[],"yoast_head":"<!-- This site is optimized with the Yoast SEO plugin v26.8 - https:\/\/yoast.com\/product\/yoast-seo-wordpress\/ -->\n<title>Bedingungen und Konditionen - B-Markify<\/title>\n<meta name=\"robots\" content=\"index, follow, max-snippet:-1, max-image-preview:large, max-video-preview:-1\" \/>\n<link rel=\"canonical\" href=\"https:\/\/bmarkify.com\/de\/terms-and-conditions\/\" \/>\n<meta property=\"og:locale\" content=\"de_DE\" \/>\n<meta property=\"og:type\" content=\"article\" \/>\n<meta property=\"og:title\" content=\"Bedingungen und Konditionen - B-Markify\" \/>\n<meta property=\"og:description\" content=\"Bedingungen und Konditionen Zuletzt aktualisiert: 16 &#8211; Februar &#8211; 2024 Bitte lesen Sie diese Nutzungsbedingungen sorgf\u00e4ltig durch, bevor Sie die Website bmarkify.com nutzen. Ihr Zugang zu und Ihre Nutzung des Dienstes setzt voraus, dass Sie diese Bedingungen akzeptieren und einhalten. Diese Bedingungen gelten f\u00fcr alle Besucher, Nutzer und andere, die auf den Service zugreifen oder ihn nutzen. Indem Sie auf den Service zugreifen oder ihn nutzen, erkl\u00e4ren Sie sich mit den vorliegenden Bedingungen einverstanden. Wenn Sie mit irgendeinem Teil der Bedingungen nicht einverstanden sind, d\u00fcrfen Sie den Service nicht nutzen. Geistiges Eigentum Der Dienst und seine urspr\u00fcnglichen Inhalte, Merkmale und Funktionen sind und bleiben das ausschlie\u00dfliche Eigentum von bmarkify.com und seinen Lizenzgebern. Links zu anderen Websites Unser Service kann Links zu Websites oder Diensten Dritter enthalten, die nicht im Besitz oder unter der Kontrolle von bmarkify.com sind. bmarkify.com hat keine Kontrolle \u00fcber den Inhalt, die Datenschutzrichtlinien oder die Praktiken von Websites oder Diensten Dritter und \u00fcbernimmt keine Verantwortung daf\u00fcr. Sie erkennen ferner an und stimmen zu, dass bmarkify.com weder direkt noch indirekt f\u00fcr Sch\u00e4den oder Verluste verantwortlich oder haftbar ist, die durch oder in Verbindung mit der Nutzung von oder dem Vertrauen auf solche Inhalte, Waren oder Dienste, die auf &hellip;\" \/>\n<meta property=\"og:url\" content=\"https:\/\/bmarkify.com\/de\/terms-and-conditions\/\" \/>\n<meta property=\"og:site_name\" content=\"B-Markify\" \/>\n<meta property=\"article:modified_time\" content=\"2024-10-24T11:26:41+00:00\" \/>\n<meta name=\"twitter:card\" content=\"summary_large_image\" \/>\n<meta name=\"twitter:label1\" content=\"Gesch\u00e4tzte Lesezeit\" \/>\n\t<meta name=\"twitter:data1\" content=\"3\u00a0Minuten\" \/>\n\t<meta name=\"twitter:label2\" content=\"Written by\" \/>\n\t<meta name=\"twitter:data2\" content=\"USPL\" \/>\n<script type=\"application\/ld+json\" class=\"yoast-schema-graph\">{\"@context\":\"https:\/\/schema.org\",\"@graph\":[{\"@type\":\"WebPage\",\"@id\":\"https:\/\/bmarkify.com\/de\/terms-and-conditions\/\",\"url\":\"https:\/\/bmarkify.com\/de\/terms-and-conditions\/\",\"name\":\"Bedingungen und Konditionen - B-Markify\",\"isPartOf\":{\"@id\":\"https:\/\/bmarkify.com\/de\/#website\"},\"datePublished\":\"2024-02-26T13:14:12+00:00\",\"dateModified\":\"2024-10-24T11:26:41+00:00\",\"breadcrumb\":{\"@id\":\"https:\/\/bmarkify.com\/de\/terms-and-conditions\/#breadcrumb\"},\"inLanguage\":\"de\",\"potentialAction\":[{\"@type\":\"ReadAction\",\"target\":[\"https:\/\/bmarkify.com\/de\/terms-and-conditions\/\"]}]},{\"@type\":\"BreadcrumbList\",\"@id\":\"https:\/\/bmarkify.com\/de\/terms-and-conditions\/#breadcrumb\",\"itemListElement\":[{\"@type\":\"ListItem\",\"position\":1,\"name\":\"Home\",\"item\":\"https:\/\/bmarkify.com\/de\/\"},{\"@type\":\"ListItem\",\"position\":2,\"name\":\"Bedingungen und Konditionen\"}]},{\"@type\":\"WebSite\",\"@id\":\"https:\/\/bmarkify.com\/de\/#website\",\"url\":\"https:\/\/bmarkify.com\/de\/\",\"name\":\"B-Markify\",\"description\":\"\",\"publisher\":{\"@id\":\"https:\/\/bmarkify.com\/de\/#organization\"},\"potentialAction\":[{\"@type\":\"SearchAction\",\"target\":{\"@type\":\"EntryPoint\",\"urlTemplate\":\"https:\/\/bmarkify.com\/de\/?s={search_term_string}\"},\"query-input\":{\"@type\":\"PropertyValueSpecification\",\"valueRequired\":true,\"valueName\":\"search_term_string\"}}],\"inLanguage\":\"de\"},{\"@type\":\"Organization\",\"@id\":\"https:\/\/bmarkify.com\/de\/#organization\",\"name\":\"Upbrighter IT Services Pvt. Ltd.\",\"url\":\"https:\/\/bmarkify.com\/de\/\",\"logo\":{\"@type\":\"ImageObject\",\"inLanguage\":\"de\",\"@id\":\"https:\/\/bmarkify.com\/de\/#\/schema\/logo\/image\/\",\"url\":\"https:\/\/bmarkify.com\/wp-content\/uploads\/2024\/01\/Full-Logo-1.png\",\"contentUrl\":\"https:\/\/bmarkify.com\/wp-content\/uploads\/2024\/01\/Full-Logo-1.png\",\"width\":2000,\"height\":1333,\"caption\":\"Upbrighter IT Services Pvt. Ltd.\"},\"image\":{\"@id\":\"https:\/\/bmarkify.com\/de\/#\/schema\/logo\/image\/\"}}]}<\/script>\n<!-- \/ Yoast SEO plugin. -->","yoast_head_json":{"title":"Bedingungen und Konditionen - B-Markify","robots":{"index":"index","follow":"follow","max-snippet":"max-snippet:-1","max-image-preview":"max-image-preview:large","max-video-preview":"max-video-preview:-1"},"canonical":"https:\/\/bmarkify.com\/de\/terms-and-conditions\/","og_locale":"de_DE","og_type":"article","og_title":"Bedingungen und Konditionen - B-Markify","og_description":"Bedingungen und Konditionen Zuletzt aktualisiert: 16 &#8211; Februar &#8211; 2024 Bitte lesen Sie diese Nutzungsbedingungen sorgf\u00e4ltig durch, bevor Sie die Website bmarkify.com nutzen. Ihr Zugang zu und Ihre Nutzung des Dienstes setzt voraus, dass Sie diese Bedingungen akzeptieren und einhalten. Diese Bedingungen gelten f\u00fcr alle Besucher, Nutzer und andere, die auf den Service zugreifen oder ihn nutzen. Indem Sie auf den Service zugreifen oder ihn nutzen, erkl\u00e4ren Sie sich mit den vorliegenden Bedingungen einverstanden. Wenn Sie mit irgendeinem Teil der Bedingungen nicht einverstanden sind, d\u00fcrfen Sie den Service nicht nutzen. Geistiges Eigentum Der Dienst und seine urspr\u00fcnglichen Inhalte, Merkmale und Funktionen sind und bleiben das ausschlie\u00dfliche Eigentum von bmarkify.com und seinen Lizenzgebern. Links zu anderen Websites Unser Service kann Links zu Websites oder Diensten Dritter enthalten, die nicht im Besitz oder unter der Kontrolle von bmarkify.com sind. bmarkify.com hat keine Kontrolle \u00fcber den Inhalt, die Datenschutzrichtlinien oder die Praktiken von Websites oder Diensten Dritter und \u00fcbernimmt keine Verantwortung daf\u00fcr. Sie erkennen ferner an und stimmen zu, dass bmarkify.com weder direkt noch indirekt f\u00fcr Sch\u00e4den oder Verluste verantwortlich oder haftbar ist, die durch oder in Verbindung mit der Nutzung von oder dem Vertrauen auf solche Inhalte, Waren oder Dienste, die auf &hellip;","og_url":"https:\/\/bmarkify.com\/de\/terms-and-conditions\/","og_site_name":"B-Markify","article_modified_time":"2024-10-24T11:26:41+00:00","twitter_card":"summary_large_image","twitter_misc":{"Gesch\u00e4tzte Lesezeit":"3\u00a0Minuten","Written by":"USPL"},"schema":{"@context":"https:\/\/schema.org","@graph":[{"@type":"WebPage","@id":"https:\/\/bmarkify.com\/de\/terms-and-conditions\/","url":"https:\/\/bmarkify.com\/de\/terms-and-conditions\/","name":"Bedingungen und Konditionen - B-Markify","isPartOf":{"@id":"https:\/\/bmarkify.com\/de\/#website"},"datePublished":"2024-02-26T13:14:12+00:00","dateModified":"2024-10-24T11:26:41+00:00","breadcrumb":{"@id":"https:\/\/bmarkify.com\/de\/terms-and-conditions\/#breadcrumb"},"inLanguage":"de","potentialAction":[{"@type":"ReadAction","target":["https:\/\/bmarkify.com\/de\/terms-and-conditions\/"]}]},{"@type":"BreadcrumbList","@id":"https:\/\/bmarkify.com\/de\/terms-and-conditions\/#breadcrumb","itemListElement":[{"@type":"ListItem","position":1,"name":"Home","item":"https:\/\/bmarkify.com\/de\/"},{"@type":"ListItem","position":2,"name":"Bedingungen und Konditionen"}]},{"@type":"WebSite","@id":"https:\/\/bmarkify.com\/de\/#website","url":"https:\/\/bmarkify.com\/de\/","name":"B-Markify","description":"","publisher":{"@id":"https:\/\/bmarkify.com\/de\/#organization"},"potentialAction":[{"@type":"SearchAction","target":{"@type":"EntryPoint","urlTemplate":"https:\/\/bmarkify.com\/de\/?s={search_term_string}"},"query-input":{"@type":"PropertyValueSpecification","valueRequired":true,"valueName":"search_term_string"}}],"inLanguage":"de"},{"@type":"Organization","@id":"https:\/\/bmarkify.com\/de\/#organization","name":"Upbrighter IT Services Pvt. Ltd.","url":"https:\/\/bmarkify.com\/de\/","logo":{"@type":"ImageObject","inLanguage":"de","@id":"https:\/\/bmarkify.com\/de\/#\/schema\/logo\/image\/","url":"https:\/\/bmarkify.com\/wp-content\/uploads\/2024\/01\/Full-Logo-1.png","contentUrl":"https:\/\/bmarkify.com\/wp-content\/uploads\/2024\/01\/Full-Logo-1.png","width":2000,"height":1333,"caption":"Upbrighter IT Services Pvt. Ltd."},"image":{"@id":"https:\/\/bmarkify.com\/de\/#\/schema\/logo\/image\/"}}]}},"_links":{"self":[{"href":"https:\/\/bmarkify.com\/de\/wp-json\/wp\/v2\/pages\/10923","targetHints":{"allow":["GET"]}}],"collection":[{"href":"https:\/\/bmarkify.com\/de\/wp-json\/wp\/v2\/pages"}],"about":[{"href":"https:\/\/bmarkify.com\/de\/wp-json\/wp\/v2\/types\/page"}],"author":[{"embeddable":true,"href":"https:\/\/bmarkify.com\/de\/wp-json\/wp\/v2\/users\/1"}],"replies":[{"embeddable":true,"href":"https:\/\/bmarkify.com\/de\/wp-json\/wp\/v2\/comments?post=10923"}],"version-history":[{"count":1,"href":"https:\/\/bmarkify.com\/de\/wp-json\/wp\/v2\/pages\/10923\/revisions"}],"predecessor-version":[{"id":10925,"href":"https:\/\/bmarkify.com\/de\/wp-json\/wp\/v2\/pages\/10923\/revisions\/10925"}],"wp:attachment":[{"href":"https:\/\/bmarkify.com\/de\/wp-json\/wp\/v2\/media?parent=10923"}],"wp:term":[{"taxonomy":"author","embeddable":true,"href":"https:\/\/bmarkify.com\/de\/wp-json\/wp\/v2\/coauthors?post=10923"}],"curies":[{"name":"wp","href":"https:\/\/api.w.org\/{rel}","templated":true}]}}